{"id":5515,"date":"2024-12-05T11:46:58","date_gmt":"2024-12-05T11:46:58","guid":{"rendered":"https:\/\/klimabrands.dk\/portasplit\/vare\/midea-portasplit\/"},"modified":"2025-03-24T10:56:45","modified_gmt":"2025-03-24T10:56:45","slug":"midea-portasplit","status":"publish","type":"product","link":"https:\/\/klimabrands.dk\/portasplit\/vare\/midea-portasplit\/?lang=fi","title":{"rendered":"Midea Portasplit"},"content":{"rendered":"<h1>J\u00e4\u00e4hdytys ja l\u00e4mmitys PortaSplitill\u00e4<\/h1>\n<p>Erinomainen j\u00e4\u00e4hdytys- ja l\u00e4mmitysteho nopealla asennuksella: siirrett\u00e4v\u00e4 l\u00e4mp\u00f6pumppu ilman kiinte\u00e4\u00e4 asennusta, jonka vaikuttava j\u00e4\u00e4hdytysteho on 3,5 kW ja SEER-arvo 6,1. Korkean energiatehokkuusluokituksen ansiosta (A++ j\u00e4\u00e4hdytyksess\u00e4 ja A+ l\u00e4mmityksess\u00e4) PortaSplit tarjoaa ylivoimaisen suorituskyvyn verrattuna perinteisiin siirrett\u00e4viin ilmastointilaitteisiin, joiden j\u00e4\u00e4hdytysteho on 4 kertaa suurempi ja hy\u00f6tysuhde 3 kertaa parempi\u00b9. Tehokas l\u00e4mmitys l\u00e4mp\u00f6pumpputekniikalla.<\/p>\n<ul class=\"custom-icon-list\">\n<li style=\"list-style-type: none;\">\n<ul class=\"custom-icon-list\">\n<li>\n<div class=\"img-block\"><picture> <img decoding=\"async\" class=\"blur-up ls-is-cached lazyloaded\" src=\"https:\/\/d1pjg4o0tbonat.cloudfront.net\/content\/dam\/midea-aem\/de\/klimatisieren-heizen\/portasplit\/Kuehlleistung-Icon.png\/jcr:content\/renditions\/cq5dam.compression.png\" alt=\"Korkea j\u00e4\u00e4hdytysteho\" data-src=\"\/\/d1pjg4o0tbonat.cloudfront.net\/content\/dam\/midea-aem\/de\/klimatisieren-heizen\/portasplit\/Kuehlleistung-Icon.png\/jcr:content\/renditions\/cq5dam.compression.png\" \/><\/picture><\/div>\n<div class=\"advantages\">\n<div class=\"h6\">Korkea j\u00e4\u00e4hdytysteho<\/div>\n<p>4 kertaa suurempi j\u00e4\u00e4hdytysteho ja 3 kertaa suurempi hy\u00f6tysuhde*.<\/p>\n<\/div>\n<\/li>\n<li>\n<div class=\"img-block\"><picture><source srcset=\"\/content\/dam\/midea-aem\/de\/klimatisieren-heizen\/portasplit\/Leise-Icon.png\" media=\"(max-width:640px), (max-aspect-ratio:1\/1) and (max-width: 1200px)\" data-srcset=\"\/content\/dam\/midea-aem\/de\/klimatisieren-heizen\/portasplit\/Leise-Icon.png\" \/><\/picture> <picture><img decoding=\"async\" class=\"blur-up ls-is-cached lazyloaded\" src=\"https:\/\/d1pjg4o0tbonat.cloudfront.net\/content\/dam\/midea-aem\/de\/klimatisieren-heizen\/portasplit\/Leise-Icon.png\/jcr:content\/renditions\/cq5dam.compression.png\" alt=\"Hiljainen toiminta\" data-src=\"\/\/d1pjg4o0tbonat.cloudfront.net\/content\/dam\/midea-aem\/de\/klimatisieren-heizen\/portasplit\/Leise-Icon.png\/jcr:content\/renditions\/cq5dam.compression.png\" \/><\/picture><\/div>\n<div class=\"advantages\">\n<div class=\"h6\">Hiljainen toiminta<\/div>\n<p>Vain 39 dB(A)** \u00e4\u00e4nett\u00f6m\u00e4ss\u00e4 tilassa<\/p>\n<\/div>\n<\/li>\n<li>\n<div class=\"img-block\"><picture><source srcset=\"\/content\/dam\/midea-aem\/de\/klimatisieren-heizen\/portasplit\/Installation-Icon.png\" media=\"(max-width:640px), (max-aspect-ratio:1\/1) and (max-width: 1200px)\" data-srcset=\"\/content\/dam\/midea-aem\/de\/klimatisieren-heizen\/portasplit\/Installation-Icon.png\" \/><\/picture> <picture><img decoding=\"async\" class=\"blur-up ls-is-cached lazyloaded\" src=\"https:\/\/d1pjg4o0tbonat.cloudfront.net\/content\/dam\/midea-aem\/de\/klimatisieren-heizen\/portasplit\/Installation-Icon.png\/jcr:content\/renditions\/cq5dam.compression.png\" alt=\"Nopea, helppo k\u00e4ytt\u00f6\u00f6notto\" data-src=\"\/\/d1pjg4o0tbonat.cloudfront.net\/content\/dam\/midea-aem\/de\/klimatisieren-heizen\/portasplit\/Installation-Icon.png\/jcr:content\/renditions\/cq5dam.compression.png\" \/><\/picture><\/div>\n<div class=\"advantages\">\n<div class=\"h6\">Nopea, helppo k\u00e4ytt\u00f6\u00f6notto<\/div>\n<p>Aseta ja k\u00e4yt\u00e4 heti. Ei teknikkoa, ei porausta<\/p>\n<\/div>\n<\/li>\n<li>\n<div class=\"img-block\"><picture><source srcset=\"\/content\/dam\/midea-aem\/de\/klimatisieren-heizen\/portasplit\/EffizientesHeizen.png\" media=\"(max-width:640px), (max-aspect-ratio:1\/1) and (max-width: 1200px)\" data-srcset=\"\/content\/dam\/midea-aem\/de\/klimatisieren-heizen\/portasplit\/EffizientesHeizen.png\" \/><\/picture> <picture><img decoding=\"async\" class=\"blur-up ls-is-cached lazyloaded\" src=\"https:\/\/d1pjg4o0tbonat.cloudfront.net\/content\/dam\/midea-aem\/de\/klimatisieren-heizen\/portasplit\/EffizientesHeizen.png\/jcr:content\/renditions\/cq5dam.compression.png\" alt=\"Tehokas l\u00e4mmitys\" data-src=\"\/\/d1pjg4o0tbonat.cloudfront.net\/content\/dam\/midea-aem\/de\/klimatisieren-heizen\/portasplit\/EffizientesHeizen.png\/jcr:content\/renditions\/cq5dam.compression.png\" \/><\/picture><\/div>\n<div class=\"advantages\">\n<div class=\"h6\">Tehokas l\u00e4mmitys<\/div>\n<p>Tehokas ja taloudellinen l\u00e4mp\u00f6pumpputekniikka<\/p>\n<\/div>\n<\/li>\n<li>\n<div class=\"img-block\"><picture><source srcset=\"\/content\/dam\/midea-aem\/de\/klimatisieren-heizen\/portasplit\/EnergieSparend.png\" media=\"(max-width:640px), (max-aspect-ratio:1\/1) and (max-width: 1200px)\" data-srcset=\"\/content\/dam\/midea-aem\/de\/klimatisieren-heizen\/portasplit\/EnergieSparend.png\" \/><\/picture> <picture><img decoding=\"async\" class=\"blur-up ls-is-cached lazyloaded\" src=\"https:\/\/d1pjg4o0tbonat.cloudfront.net\/content\/dam\/midea-aem\/de\/klimatisieren-heizen\/portasplit\/EnergieSparend.png\/jcr:content\/renditions\/cq5dam.compression.png\" alt=\"\u00c4lyk\u00e4s energians\u00e4\u00e4st\u00f6\" data-src=\"\/\/d1pjg4o0tbonat.cloudfront.net\/content\/dam\/midea-aem\/de\/klimatisieren-heizen\/portasplit\/EnergieSparend.png\/jcr:content\/renditions\/cq5dam.compression.png\" \/><\/picture><\/div>\n<div class=\"advantages\">\n<div class=\"h6\">\u00c4lyk\u00e4s energians\u00e4\u00e4st\u00f6<\/div>\n<p>A++ j\u00e4\u00e4hdytys, A+ l\u00e4mmitys<\/p>\n<\/div>\n<\/li>\n<li>\n<div class=\"img-block\"><picture><source srcset=\"\/content\/dam\/midea-aem\/de\/klimatisieren-heizen\/portasplit\/SmartHome.png\" media=\"(max-width:640px), (max-aspect-ratio:1\/1) and (max-width: 1200px)\" data-srcset=\"\/content\/dam\/midea-aem\/de\/klimatisieren-heizen\/portasplit\/SmartHome.png\" \/><\/picture> <picture><img decoding=\"async\" class=\"blur-up ls-is-cached lazyloaded\" src=\"https:\/\/d1pjg4o0tbonat.cloudfront.net\/content\/dam\/midea-aem\/de\/klimatisieren-heizen\/portasplit\/SmartHome.png\/jcr:content\/renditions\/cq5dam.compression.png\" alt=\"\u00c4lyk\u00e4s ohjaus mist\u00e4 tahansa\" data-src=\"\/\/d1pjg4o0tbonat.cloudfront.net\/content\/dam\/midea-aem\/de\/klimatisieren-heizen\/portasplit\/SmartHome.png\/jcr:content\/renditions\/cq5dam.compression.png\" \/><\/picture><\/div>\n<div class=\"advantages\">\n<div class=\"h6\">\u00c4lyk\u00e4s ohjaus mist\u00e4 tahansa<\/div>\n<p>Midea SmartHome -sovelluksella<\/p>\n<\/div>\n<\/li>\n<\/ul>\n<\/li>\n<\/ul>\n","protected":false},"excerpt":{"rendered":"<p>PortaSplit &#8211; siirrett\u00e4v\u00e4 jaettu ilmastointilaite ilman kiinte\u00e4\u00e4 asennusta, jonka j\u00e4\u00e4hdytysteho on vaikuttava 3,5 kW ja SEER-arvo 6,1. Korkean energiatehokkuusluokituksen ansiosta (A++ j\u00e4\u00e4hdytyksess\u00e4 ja A+ l\u00e4mmityksess\u00e4) PortaSplit tarjoaa ylivoimaisen suorituskyvyn verrattuna perinteisiin siirrett\u00e4viin ilmastointilaitteisiin, joiden j\u00e4\u00e4hdytysteho on 4 kertaa suurempi ja hy\u00f6tysuhde 3 kertaa suurempi*. Tehokas l\u00e4mmitys l\u00e4mp\u00f6pumpputekniikalla.<\/p>\n<p><img decoding=\"async\" class=\"alignnone wp-image-4121\" src=\"https:\/\/klimabrands.dk\/portasplit\/wp-content\/uploads\/2024\/12\/Energy-Arrows-neu2-300x87.png\" alt=\"\" width=\"200\" height=\"58\" srcset=\"https:\/\/klimabrands.dk\/portasplit\/wp-content\/uploads\/2024\/12\/Energy-Arrows-neu2-300x87.png 300w, https:\/\/klimabrands.dk\/portasplit\/wp-content\/uploads\/2024\/12\/Energy-Arrows-neu2.png 446w\" sizes=\"(max-width: 200px) 100vw, 200px\" \/><\/p>\n","protected":false},"featured_media":5354,"template":"","meta":{"_monsterinsights_skip_tracking":false,"_monsterinsights_sitenote_active":false,"_monsterinsights_sitenote_note":"","_monsterinsights_sitenote_category":0},"product_brand":[],"product_cat":[79],"product_tag":[],"class_list":{"0":"post-5515","1":"product","2":"type-product","3":"status-publish","4":"has-post-thumbnail","6":"product_cat-ilmastointi","8":"first","9":"instock","10":"taxable","11":"shipping-taxable","12":"purchasable","13":"product-type-simple"},"aioseo_notices":[],"_links":{"self":[{"href":"https:\/\/klimabrands.dk\/portasplit\/wp-json\/wp\/v2\/product\/5515","targetHints":{"allow":["GET"]}}],"collection":[{"href":"https:\/\/klimabrands.dk\/portasplit\/wp-json\/wp\/v2\/product"}],"about":[{"href":"https:\/\/klimabrands.dk\/portasplit\/wp-json\/wp\/v2\/types\/product"}],"wp:featuredmedia":[{"embeddable":true,"href":"https:\/\/klimabrands.dk\/portasplit\/wp-json\/wp\/v2\/media\/5354"}],"wp:attachment":[{"href":"https:\/\/klimabrands.dk\/portasplit\/wp-json\/wp\/v2\/media?parent=5515"}],"wp:term":[{"taxonomy":"product_brand","embeddable":true,"href":"https:\/\/klimabrands.dk\/portasplit\/wp-json\/wp\/v2\/product_brand?post=5515"},{"taxonomy":"product_cat","embeddable":true,"href":"https:\/\/klimabrands.dk\/portasplit\/wp-json\/wp\/v2\/product_cat?post=5515"},{"taxonomy":"product_tag","embeddable":true,"href":"https:\/\/klimabrands.dk\/portasplit\/wp-json\/wp\/v2\/product_tag?post=5515"}],"curies":[{"name":"wp","href":"https:\/\/api.w.org\/{rel}","templated":true}]}}