{"id":5513,"date":"2024-12-05T11:46:58","date_gmt":"2024-12-05T11:46:58","guid":{"rendered":"https:\/\/klimabrands.dk\/portasplit\/vare\/midea-portasplit\/"},"modified":"2025-03-24T10:57:26","modified_gmt":"2025-03-24T10:57:26","slug":"midea-portasplit","status":"publish","type":"product","link":"https:\/\/klimabrands.dk\/portasplit\/vare\/midea-portasplit\/?lang=no","title":{"rendered":"Midea Portasplit"},"content":{"rendered":"<h1>Kj\u00f8ling og oppvarming med PortaSplit<\/h1>\n<p>Utmerket kj\u00f8le- og varmeytelse med rask installasjon: Den mobile varmepumpen uten fast installasjon med en imponerende kj\u00f8lekapasitet p\u00e5 3,5 kW og en SEER-verdi p\u00e5 6,1. Takket v\u00e6re h\u00f8y energieffektivitet (A++ for kj\u00f8ling og A+ for oppvarming) gir PortaSplit overlegen ytelse sammenlignet med konvensjonelle mobile klimaanlegg med fire ganger s\u00e5 h\u00f8y kj\u00f8lekapasitet og tre ganger s\u00e5 h\u00f8y virkningsgrad\u00b9. Effektiv oppvarming med varmepumpeteknologi.<\/p>\n<ul class=\"custom-icon-list\">\n<li style=\"list-style-type: none;\">\n<ul class=\"custom-icon-list\">\n<li>\n<div class=\"img-block\"><picture> <img decoding=\"async\" class=\"blur-up ls-is-cached lazyloaded\" src=\"https:\/\/d1pjg4o0tbonat.cloudfront.net\/content\/dam\/midea-aem\/de\/klimatisieren-heizen\/portasplit\/Kuehlleistung-Icon.png\/jcr:content\/renditions\/cq5dam.compression.png\" alt=\"H\u00f8y kj\u00f8leytelse\" data-src=\"\/\/d1pjg4o0tbonat.cloudfront.net\/content\/dam\/midea-aem\/de\/klimatisieren-heizen\/portasplit\/Kuehlleistung-Icon.png\/jcr:content\/renditions\/cq5dam.compression.png\" \/><\/picture><\/div>\n<div class=\"advantages\">\n<div class=\"h6\">H\u00f8y kj\u00f8leytelse<\/div>\n<p>4 ganger h\u00f8yere kj\u00f8leytelse og 3 ganger h\u00f8yere effektivitet*.<\/p>\n<\/div>\n<\/li>\n<li>\n<div class=\"img-block\"><picture><source srcset=\"\/content\/dam\/midea-aem\/de\/klimatisieren-heizen\/portasplit\/Leise-Icon.png\" media=\"(max-width:640px), (max-aspect-ratio:1\/1) and (max-width: 1200px)\" data-srcset=\"\/content\/dam\/midea-aem\/de\/klimatisieren-heizen\/portasplit\/Leise-Icon.png\" \/><\/picture> <picture><img decoding=\"async\" class=\"blur-up ls-is-cached lazyloaded\" src=\"https:\/\/d1pjg4o0tbonat.cloudfront.net\/content\/dam\/midea-aem\/de\/klimatisieren-heizen\/portasplit\/Leise-Icon.png\/jcr:content\/renditions\/cq5dam.compression.png\" alt=\"Lydl\u00f8s drift\" data-src=\"\/\/d1pjg4o0tbonat.cloudfront.net\/content\/dam\/midea-aem\/de\/klimatisieren-heizen\/portasplit\/Leise-Icon.png\/jcr:content\/renditions\/cq5dam.compression.png\" \/><\/picture><\/div>\n<div class=\"advantages\">\n<div class=\"h6\">Lydl\u00f8s drift<\/div>\n<p>Kun 39 dB(A)** i lydl\u00f8s modus<\/p>\n<\/div>\n<\/li>\n<li>\n<div class=\"img-block\"><picture><source srcset=\"\/content\/dam\/midea-aem\/de\/klimatisieren-heizen\/portasplit\/Installation-Icon.png\" media=\"(max-width:640px), (max-aspect-ratio:1\/1) and (max-width: 1200px)\" data-srcset=\"\/content\/dam\/midea-aem\/de\/klimatisieren-heizen\/portasplit\/Installation-Icon.png\" \/><\/picture> <picture><img decoding=\"async\" class=\"blur-up ls-is-cached lazyloaded\" src=\"https:\/\/d1pjg4o0tbonat.cloudfront.net\/content\/dam\/midea-aem\/de\/klimatisieren-heizen\/portasplit\/Installation-Icon.png\/jcr:content\/renditions\/cq5dam.compression.png\" alt=\"Rask og enkel installasjon\" data-src=\"\/\/d1pjg4o0tbonat.cloudfront.net\/content\/dam\/midea-aem\/de\/klimatisieren-heizen\/portasplit\/Installation-Icon.png\/jcr:content\/renditions\/cq5dam.compression.png\" \/><\/picture><\/div>\n<div class=\"advantages\">\n<div class=\"h6\">Rask og enkel installasjon<\/div>\n<p>Settes opp og tas i bruk umiddelbart. Ingen tekniker, ingen boring n\u00f8dvendig<\/p>\n<\/div>\n<\/li>\n<li>\n<div class=\"img-block\"><picture><source srcset=\"\/content\/dam\/midea-aem\/de\/klimatisieren-heizen\/portasplit\/EffizientesHeizen.png\" media=\"(max-width:640px), (max-aspect-ratio:1\/1) and (max-width: 1200px)\" data-srcset=\"\/content\/dam\/midea-aem\/de\/klimatisieren-heizen\/portasplit\/EffizientesHeizen.png\" \/><\/picture> <picture><img decoding=\"async\" class=\"blur-up ls-is-cached lazyloaded\" src=\"https:\/\/d1pjg4o0tbonat.cloudfront.net\/content\/dam\/midea-aem\/de\/klimatisieren-heizen\/portasplit\/EffizientesHeizen.png\/jcr:content\/renditions\/cq5dam.compression.png\" alt=\"Effektiv oppvarming\" data-src=\"\/\/d1pjg4o0tbonat.cloudfront.net\/content\/dam\/midea-aem\/de\/klimatisieren-heizen\/portasplit\/EffizientesHeizen.png\/jcr:content\/renditions\/cq5dam.compression.png\" \/><\/picture><\/div>\n<div class=\"advantages\">\n<div class=\"h6\">Effektiv oppvarming<\/div>\n<p>Med effektiv og \u00f8konomisk varmepumpeteknologi<\/p>\n<\/div>\n<\/li>\n<li>\n<div class=\"img-block\"><picture><source srcset=\"\/content\/dam\/midea-aem\/de\/klimatisieren-heizen\/portasplit\/EnergieSparend.png\" media=\"(max-width:640px), (max-aspect-ratio:1\/1) and (max-width: 1200px)\" data-srcset=\"\/content\/dam\/midea-aem\/de\/klimatisieren-heizen\/portasplit\/EnergieSparend.png\" \/><\/picture> <picture><img decoding=\"async\" class=\"blur-up ls-is-cached lazyloaded\" src=\"https:\/\/d1pjg4o0tbonat.cloudfront.net\/content\/dam\/midea-aem\/de\/klimatisieren-heizen\/portasplit\/EnergieSparend.png\/jcr:content\/renditions\/cq5dam.compression.png\" alt=\"Smart energisparing\" data-src=\"\/\/d1pjg4o0tbonat.cloudfront.net\/content\/dam\/midea-aem\/de\/klimatisieren-heizen\/portasplit\/EnergieSparend.png\/jcr:content\/renditions\/cq5dam.compression.png\" \/><\/picture><\/div>\n<div class=\"advantages\">\n<div class=\"h6\">Smart energisparing<\/div>\n<p>A++ for kj\u00f8ling, A+ for oppvarming<\/p>\n<\/div>\n<\/li>\n<li>\n<div class=\"img-block\"><picture><source srcset=\"\/content\/dam\/midea-aem\/de\/klimatisieren-heizen\/portasplit\/SmartHome.png\" media=\"(max-width:640px), (max-aspect-ratio:1\/1) and (max-width: 1200px)\" data-srcset=\"\/content\/dam\/midea-aem\/de\/klimatisieren-heizen\/portasplit\/SmartHome.png\" \/><\/picture> <picture><img decoding=\"async\" class=\"blur-up ls-is-cached lazyloaded\" src=\"https:\/\/d1pjg4o0tbonat.cloudfront.net\/content\/dam\/midea-aem\/de\/klimatisieren-heizen\/portasplit\/SmartHome.png\/jcr:content\/renditions\/cq5dam.compression.png\" alt=\"Smart kontroll fra hvor som helst\" data-src=\"\/\/d1pjg4o0tbonat.cloudfront.net\/content\/dam\/midea-aem\/de\/klimatisieren-heizen\/portasplit\/SmartHome.png\/jcr:content\/renditions\/cq5dam.compression.png\" \/><\/picture><\/div>\n<div class=\"advantages\">\n<div class=\"h6\">Smart kontroll fra hvor som helst<\/div>\n<p>Med Midea SmartHome-appen<\/p>\n<\/div>\n<\/li>\n<\/ul>\n<\/li>\n<\/ul>\n","protected":false},"excerpt":{"rendered":"<p>PortaSplit &#8211; Det mobile split-klimaanlegget uten fast installasjon med en imponerende kj\u00f8lekapasitet p\u00e5 3,5 kW og en SEER-verdi p\u00e5 6,1. Takket v\u00e6re h\u00f8y energieffektivitet (A++ for kj\u00f8ling og A+ for oppvarming) gir PortaSplit overlegen ytelse sammenlignet med konvensjonelle mobile klimaanlegg med 4 ganger h\u00f8yere kj\u00f8lekapasitet og 3 ganger h\u00f8yere effektivitet*. Effektiv oppvarming med varmepumpeteknologi.<\/p>\n<p><img decoding=\"async\" class=\"alignnone wp-image-4121\" src=\"https:\/\/klimabrands.dk\/portasplit\/wp-content\/uploads\/2024\/12\/Energy-Arrows-neu2-300x87.png\" alt=\"\" width=\"200\" height=\"58\" srcset=\"https:\/\/klimabrands.dk\/portasplit\/wp-content\/uploads\/2024\/12\/Energy-Arrows-neu2-300x87.png 300w, https:\/\/klimabrands.dk\/portasplit\/wp-content\/uploads\/2024\/12\/Energy-Arrows-neu2.png 446w\" sizes=\"(max-width: 200px) 100vw, 200px\" \/><\/p>\n","protected":false},"featured_media":5355,"template":"","meta":{"_monsterinsights_skip_tracking":false,"_monsterinsights_sitenote_active":false,"_monsterinsights_sitenote_note":"","_monsterinsights_sitenote_category":0},"product_brand":[],"product_cat":[76],"product_tag":[],"class_list":{"0":"post-5513","1":"product","2":"type-product","3":"status-publish","4":"has-post-thumbnail","6":"product_cat-klimaanlegg","8":"first","9":"instock","10":"taxable","11":"shipping-taxable","12":"purchasable","13":"product-type-simple"},"aioseo_notices":[],"_links":{"self":[{"href":"https:\/\/klimabrands.dk\/portasplit\/wp-json\/wp\/v2\/product\/5513","targetHints":{"allow":["GET"]}}],"collection":[{"href":"https:\/\/klimabrands.dk\/portasplit\/wp-json\/wp\/v2\/product"}],"about":[{"href":"https:\/\/klimabrands.dk\/portasplit\/wp-json\/wp\/v2\/types\/product"}],"wp:featuredmedia":[{"embeddable":true,"href":"https:\/\/klimabrands.dk\/portasplit\/wp-json\/wp\/v2\/media\/5355"}],"wp:attachment":[{"href":"https:\/\/klimabrands.dk\/portasplit\/wp-json\/wp\/v2\/media?parent=5513"}],"wp:term":[{"taxonomy":"product_brand","embeddable":true,"href":"https:\/\/klimabrands.dk\/portasplit\/wp-json\/wp\/v2\/product_brand?post=5513"},{"taxonomy":"product_cat","embeddable":true,"href":"https:\/\/klimabrands.dk\/portasplit\/wp-json\/wp\/v2\/product_cat?post=5513"},{"taxonomy":"product_tag","embeddable":true,"href":"https:\/\/klimabrands.dk\/portasplit\/wp-json\/wp\/v2\/product_tag?post=5513"}],"curies":[{"name":"wp","href":"https:\/\/api.w.org\/{rel}","templated":true}]}}