{"id":5511,"date":"2024-12-05T11:46:58","date_gmt":"2024-12-05T11:46:58","guid":{"rendered":"https:\/\/klimabrands.dk\/portasplit\/vare\/midea-portasplit\/"},"modified":"2025-03-24T10:58:08","modified_gmt":"2025-03-24T10:58:08","slug":"midea-portasplit","status":"publish","type":"product","link":"https:\/\/klimabrands.dk\/portasplit\/vare\/midea-portasplit\/?lang=sv","title":{"rendered":"Midea Portasplit"},"content":{"rendered":"<h1>Kylning och uppv\u00e4rmning med PortaSplit<\/h1>\n<p>Utm\u00e4rkt kyl- och v\u00e4rmeprestanda med snabb installation: Den mobila v\u00e4rmepumpen utan fast installation med en imponerande kylkapacitet p\u00e5 3,5 kW och ett SEER-v\u00e4rde p\u00e5 6,1. Tack vare h\u00f6ga energieffektivitetsklasser (A++ f\u00f6r kylning och A+ f\u00f6r uppv\u00e4rmning) erbjuder PortaSplit \u00f6verl\u00e4gsen prestanda j\u00e4mf\u00f6rt med konventionella mobila luftkonditioneringsanl\u00e4ggningar med 4 g\u00e5nger s\u00e5 h\u00f6g kylkapacitet och 3 g\u00e5nger s\u00e5 h\u00f6g effektivitet\u00b9. Effektiv uppv\u00e4rmning med v\u00e4rmepumpsteknik.<\/p>\n<ul class=\"custom-icon-list\">\n<li style=\"list-style-type: none;\">\n<ul class=\"custom-icon-list\">\n<li>\n<div class=\"img-block\"><picture> <img decoding=\"async\" class=\"blur-up ls-is-cached lazyloaded\" src=\"https:\/\/d1pjg4o0tbonat.cloudfront.net\/content\/dam\/midea-aem\/de\/klimatisieren-heizen\/portasplit\/Kuehlleistung-Icon.png\/jcr:content\/renditions\/cq5dam.compression.png\" alt=\"H\u00f6g kylprestanda\" data-src=\"\/\/d1pjg4o0tbonat.cloudfront.net\/content\/dam\/midea-aem\/de\/klimatisieren-heizen\/portasplit\/Kuehlleistung-Icon.png\/jcr:content\/renditions\/cq5dam.compression.png\" \/><\/picture><\/div>\n<div class=\"advantages\">\n<div class=\"h6\">H\u00f6g kylprestanda<\/div>\n<p>4 g\u00e5nger h\u00f6gre kylprestanda och 3 g\u00e5nger h\u00f6gre effektivitet*.<\/p>\n<\/div>\n<\/li>\n<li>\n<div class=\"img-block\"><picture><source srcset=\"\/content\/dam\/midea-aem\/de\/klimatisieren-heizen\/portasplit\/Leise-Icon.png\" media=\"(max-width:640px), (max-aspect-ratio:1\/1) and (max-width: 1200px)\" data-srcset=\"\/content\/dam\/midea-aem\/de\/klimatisieren-heizen\/portasplit\/Leise-Icon.png\" \/><\/picture> <picture><img decoding=\"async\" class=\"blur-up ls-is-cached lazyloaded\" src=\"https:\/\/d1pjg4o0tbonat.cloudfront.net\/content\/dam\/midea-aem\/de\/klimatisieren-heizen\/portasplit\/Leise-Icon.png\/jcr:content\/renditions\/cq5dam.compression.png\" alt=\"Tyst drift\" data-src=\"\/\/d1pjg4o0tbonat.cloudfront.net\/content\/dam\/midea-aem\/de\/klimatisieren-heizen\/portasplit\/Leise-Icon.png\/jcr:content\/renditions\/cq5dam.compression.png\" \/><\/picture><\/div>\n<div class=\"advantages\">\n<div class=\"h6\">Tyst drift<\/div>\n<p>Endast 39 dB(A)** i tyst l\u00e4ge<\/p>\n<\/div>\n<\/li>\n<li>\n<div class=\"img-block\"><picture><source srcset=\"\/content\/dam\/midea-aem\/de\/klimatisieren-heizen\/portasplit\/Installation-Icon.png\" media=\"(max-width:640px), (max-aspect-ratio:1\/1) and (max-width: 1200px)\" data-srcset=\"\/content\/dam\/midea-aem\/de\/klimatisieren-heizen\/portasplit\/Installation-Icon.png\" \/><\/picture> <picture><img decoding=\"async\" class=\"blur-up ls-is-cached lazyloaded\" src=\"https:\/\/d1pjg4o0tbonat.cloudfront.net\/content\/dam\/midea-aem\/de\/klimatisieren-heizen\/portasplit\/Installation-Icon.png\/jcr:content\/renditions\/cq5dam.compression.png\" alt=\"Snabb och enkel installation\" data-src=\"\/\/d1pjg4o0tbonat.cloudfront.net\/content\/dam\/midea-aem\/de\/klimatisieren-heizen\/portasplit\/Installation-Icon.png\/jcr:content\/renditions\/cq5dam.compression.png\" \/><\/picture><\/div>\n<div class=\"advantages\">\n<div class=\"h6\">Snabb och enkel installation<\/div>\n<p>Installera och anv\u00e4nd omedelbart. Ingen tekniker, ingen borrning beh\u00f6vs<\/p>\n<\/div>\n<\/li>\n<li>\n<div class=\"img-block\"><picture><source srcset=\"\/content\/dam\/midea-aem\/de\/klimatisieren-heizen\/portasplit\/EffizientesHeizen.png\" media=\"(max-width:640px), (max-aspect-ratio:1\/1) and (max-width: 1200px)\" data-srcset=\"\/content\/dam\/midea-aem\/de\/klimatisieren-heizen\/portasplit\/EffizientesHeizen.png\" \/><\/picture> <picture><img decoding=\"async\" class=\"blur-up ls-is-cached lazyloaded\" src=\"https:\/\/d1pjg4o0tbonat.cloudfront.net\/content\/dam\/midea-aem\/de\/klimatisieren-heizen\/portasplit\/EffizientesHeizen.png\/jcr:content\/renditions\/cq5dam.compression.png\" alt=\"Effektiv uppv\u00e4rmning\" data-src=\"\/\/d1pjg4o0tbonat.cloudfront.net\/content\/dam\/midea-aem\/de\/klimatisieren-heizen\/portasplit\/EffizientesHeizen.png\/jcr:content\/renditions\/cq5dam.compression.png\" \/><\/picture><\/div>\n<div class=\"advantages\">\n<div class=\"h6\">Effektiv uppv\u00e4rmning<\/div>\n<p>Med effektiv och ekonomisk v\u00e4rmepumpsteknik<\/p>\n<\/div>\n<\/li>\n<li>\n<div class=\"img-block\"><picture><source srcset=\"\/content\/dam\/midea-aem\/de\/klimatisieren-heizen\/portasplit\/EnergieSparend.png\" media=\"(max-width:640px), (max-aspect-ratio:1\/1) and (max-width: 1200px)\" data-srcset=\"\/content\/dam\/midea-aem\/de\/klimatisieren-heizen\/portasplit\/EnergieSparend.png\" \/><\/picture> <picture><img decoding=\"async\" class=\"blur-up ls-is-cached lazyloaded\" src=\"https:\/\/d1pjg4o0tbonat.cloudfront.net\/content\/dam\/midea-aem\/de\/klimatisieren-heizen\/portasplit\/EnergieSparend.png\/jcr:content\/renditions\/cq5dam.compression.png\" alt=\"Smart energibesparing\" data-src=\"\/\/d1pjg4o0tbonat.cloudfront.net\/content\/dam\/midea-aem\/de\/klimatisieren-heizen\/portasplit\/EnergieSparend.png\/jcr:content\/renditions\/cq5dam.compression.png\" \/><\/picture><\/div>\n<div class=\"advantages\">\n<div class=\"h6\">Smart energibesparing<\/div>\n<p>A++ f\u00f6r kylning, A+ f\u00f6r uppv\u00e4rmning<\/p>\n<\/div>\n<\/li>\n<li>\n<div class=\"img-block\"><picture><source srcset=\"\/content\/dam\/midea-aem\/de\/klimatisieren-heizen\/portasplit\/SmartHome.png\" media=\"(max-width:640px), (max-aspect-ratio:1\/1) and (max-width: 1200px)\" data-srcset=\"\/content\/dam\/midea-aem\/de\/klimatisieren-heizen\/portasplit\/SmartHome.png\" \/><\/picture> <picture><img decoding=\"async\" class=\"blur-up ls-is-cached lazyloaded\" src=\"https:\/\/d1pjg4o0tbonat.cloudfront.net\/content\/dam\/midea-aem\/de\/klimatisieren-heizen\/portasplit\/SmartHome.png\/jcr:content\/renditions\/cq5dam.compression.png\" alt=\"Smart kontroll fr\u00e5n var som helst\" data-src=\"\/\/d1pjg4o0tbonat.cloudfront.net\/content\/dam\/midea-aem\/de\/klimatisieren-heizen\/portasplit\/SmartHome.png\/jcr:content\/renditions\/cq5dam.compression.png\" \/><\/picture><\/div>\n<div class=\"advantages\">\n<div class=\"h6\">Smart kontroll fr\u00e5n var som helst<\/div>\n<p>Med Midea SmartHome-appen<\/p>\n<\/div>\n<\/li>\n<\/ul>\n<\/li>\n<\/ul>\n","protected":false},"excerpt":{"rendered":"<p>PortaSplit &#8211; Den mobila split-luftkonditioneringen utan fast installation med en imponerande kylkapacitet p\u00e5 3,5 kW och ett SEER-v\u00e4rde p\u00e5 6,1. Tack vare h\u00f6ga energieffektivitetsklassificeringar (A++ f\u00f6r kylning och A+ f\u00f6r uppv\u00e4rmning) erbjuder PortaSplit \u00f6verl\u00e4gsen prestanda j\u00e4mf\u00f6rt med konventionella mobila luftkonditioneringsanl\u00e4ggningar med 4 g\u00e5nger h\u00f6gre kylkapacitet och 3 g\u00e5nger h\u00f6gre effektivitet*. Effektiv uppv\u00e4rmning med v\u00e4rmepumpsteknik.<\/p>\n<p><img decoding=\"async\" class=\"alignnone wp-image-4121\" src=\"https:\/\/klimabrands.dk\/portasplit\/wp-content\/uploads\/2024\/12\/Energy-Arrows-neu2-300x87.png\" alt=\"\" width=\"200\" height=\"58\" srcset=\"https:\/\/klimabrands.dk\/portasplit\/wp-content\/uploads\/2024\/12\/Energy-Arrows-neu2-300x87.png 300w, https:\/\/klimabrands.dk\/portasplit\/wp-content\/uploads\/2024\/12\/Energy-Arrows-neu2.png 446w\" sizes=\"(max-width: 200px) 100vw, 200px\" \/><\/p>\n","protected":false},"featured_media":5356,"template":"","meta":{"_monsterinsights_skip_tracking":false,"_monsterinsights_sitenote_active":false,"_monsterinsights_sitenote_note":"","_monsterinsights_sitenote_category":0},"product_brand":[],"product_cat":[78],"product_tag":[],"class_list":{"0":"post-5511","1":"product","2":"type-product","3":"status-publish","4":"has-post-thumbnail","6":"product_cat-luftkonditionering","8":"first","9":"instock","10":"taxable","11":"shipping-taxable","12":"purchasable","13":"product-type-simple"},"aioseo_notices":[],"_links":{"self":[{"href":"https:\/\/klimabrands.dk\/portasplit\/wp-json\/wp\/v2\/product\/5511","targetHints":{"allow":["GET"]}}],"collection":[{"href":"https:\/\/klimabrands.dk\/portasplit\/wp-json\/wp\/v2\/product"}],"about":[{"href":"https:\/\/klimabrands.dk\/portasplit\/wp-json\/wp\/v2\/types\/product"}],"wp:featuredmedia":[{"embeddable":true,"href":"https:\/\/klimabrands.dk\/portasplit\/wp-json\/wp\/v2\/media\/5356"}],"wp:attachment":[{"href":"https:\/\/klimabrands.dk\/portasplit\/wp-json\/wp\/v2\/media?parent=5511"}],"wp:term":[{"taxonomy":"product_brand","embeddable":true,"href":"https:\/\/klimabrands.dk\/portasplit\/wp-json\/wp\/v2\/product_brand?post=5511"},{"taxonomy":"product_cat","embeddable":true,"href":"https:\/\/klimabrands.dk\/portasplit\/wp-json\/wp\/v2\/product_cat?post=5511"},{"taxonomy":"product_tag","embeddable":true,"href":"https:\/\/klimabrands.dk\/portasplit\/wp-json\/wp\/v2\/product_tag?post=5511"}],"curies":[{"name":"wp","href":"https:\/\/api.w.org\/{rel}","templated":true}]}}