{"id":5503,"date":"2024-12-12T15:02:12","date_gmt":"2024-12-12T15:02:12","guid":{"rendered":"https:\/\/klimabrands.dk\/portasplit\/vare\/universalhaallare-foer-portasplit\/"},"modified":"2025-02-18T09:02:02","modified_gmt":"2025-02-18T09:02:02","slug":"universalhaallare-foer-portasplit","status":"publish","type":"product","link":"https:\/\/klimabrands.dk\/portasplit\/vare\/universalhaallare-foer-portasplit\/?lang=sv","title":{"rendered":"Universalh\u00e5llare f\u00f6r PortaSplit"},"content":{"rendered":"","protected":false},"excerpt":{"rendered":"<p>Med det universella f\u00e4stet kan PortaSplit luftkonditioneringsanl\u00e4ggning monteras p\u00e5 takf\u00f6nster och franska balkonger. Universalh\u00e5llaren kan konverteras till respektive applikation med bara n\u00e5gra f\u00e5 steg. Alla n\u00f6dv\u00e4ndiga delar ing\u00e5r.<\/p>\n<p>Ingen borrning eller andra verktyg kr\u00e4vs f\u00f6r installationen. S\u00e4tt bara fast h\u00e5llaren, dra \u00e5t f\u00e4stet och du \u00e4r klar.<\/p>\n<p>S<strong>nabb och enkel installation<\/strong> Ingen tekniker, ingen borrning kr\u00e4vs<\/p>\n","protected":false},"featured_media":5501,"template":"","meta":{"_monsterinsights_skip_tracking":false,"_monsterinsights_sitenote_active":false,"_monsterinsights_sitenote_note":"","_monsterinsights_sitenote_category":0},"product_brand":[],"product_cat":[83],"product_tag":[],"class_list":{"0":"post-5503","1":"product","2":"type-product","3":"status-publish","4":"has-post-thumbnail","6":"product_cat-tillbehoer","8":"first","9":"instock","10":"taxable","11":"shipping-taxable","12":"purchasable","13":"product-type-simple"},"aioseo_notices":[],"_links":{"self":[{"href":"https:\/\/klimabrands.dk\/portasplit\/wp-json\/wp\/v2\/product\/5503","targetHints":{"allow":["GET"]}}],"collection":[{"href":"https:\/\/klimabrands.dk\/portasplit\/wp-json\/wp\/v2\/product"}],"about":[{"href":"https:\/\/klimabrands.dk\/portasplit\/wp-json\/wp\/v2\/types\/product"}],"wp:featuredmedia":[{"embeddable":true,"href":"https:\/\/klimabrands.dk\/portasplit\/wp-json\/wp\/v2\/media\/5501"}],"wp:attachment":[{"href":"https:\/\/klimabrands.dk\/portasplit\/wp-json\/wp\/v2\/media?parent=5503"}],"wp:term":[{"taxonomy":"product_brand","embeddable":true,"href":"https:\/\/klimabrands.dk\/portasplit\/wp-json\/wp\/v2\/product_brand?post=5503"},{"taxonomy":"product_cat","embeddable":true,"href":"https:\/\/klimabrands.dk\/portasplit\/wp-json\/wp\/v2\/product_cat?post=5503"},{"taxonomy":"product_tag","embeddable":true,"href":"https:\/\/klimabrands.dk\/portasplit\/wp-json\/wp\/v2\/product_tag?post=5503"}],"curies":[{"name":"wp","href":"https:\/\/api.w.org\/{rel}","templated":true}]}}