{"id":5502,"date":"2024-12-12T15:02:12","date_gmt":"2024-12-12T15:02:12","guid":{"rendered":"https:\/\/klimabrands.dk\/portasplit\/vare\/universalholder-for-portasplit\/"},"modified":"2025-02-18T09:05:00","modified_gmt":"2025-02-18T09:05:00","slug":"universalholder-for-portasplit","status":"publish","type":"product","link":"https:\/\/klimabrands.dk\/portasplit\/vare\/universalholder-for-portasplit\/?lang=no","title":{"rendered":"Universalholder for PortaSplit"},"content":{"rendered":"","protected":false},"excerpt":{"rendered":"<p>Med universalbraketten kan PortaSplit-klimaanlegget monteres p\u00e5 takvinduer og franske balkonger. Universalholderen kan konverteres til det aktuelle bruksomr\u00e5det med bare noen f\u00e5 trinn. Alle n\u00f8dvendige deler er inkludert.<\/p>\n<p>Ingen boring eller ekstra verkt\u00f8y er n\u00f8dvendig for montering. Bare fest holderen, stram til festeanordningen, s\u00e5 er du ferdig.<\/p>\n<p>R<strong>ask og enkel installasjon<\/strong> Ingen tekniker, ingen boring n\u00f8dvendig<\/p>\n","protected":false},"featured_media":5500,"template":"","meta":{"_monsterinsights_skip_tracking":false,"_monsterinsights_sitenote_active":false,"_monsterinsights_sitenote_note":"","_monsterinsights_sitenote_category":0},"product_brand":[],"product_cat":[82],"product_tag":[],"class_list":{"0":"post-5502","1":"product","2":"type-product","3":"status-publish","4":"has-post-thumbnail","6":"product_cat-tilbehoer-no","8":"first","9":"instock","10":"taxable","11":"shipping-taxable","12":"purchasable","13":"product-type-simple"},"aioseo_notices":[],"_links":{"self":[{"href":"https:\/\/klimabrands.dk\/portasplit\/wp-json\/wp\/v2\/product\/5502","targetHints":{"allow":["GET"]}}],"collection":[{"href":"https:\/\/klimabrands.dk\/portasplit\/wp-json\/wp\/v2\/product"}],"about":[{"href":"https:\/\/klimabrands.dk\/portasplit\/wp-json\/wp\/v2\/types\/product"}],"wp:featuredmedia":[{"embeddable":true,"href":"https:\/\/klimabrands.dk\/portasplit\/wp-json\/wp\/v2\/media\/5500"}],"wp:attachment":[{"href":"https:\/\/klimabrands.dk\/portasplit\/wp-json\/wp\/v2\/media?parent=5502"}],"wp:term":[{"taxonomy":"product_brand","embeddable":true,"href":"https:\/\/klimabrands.dk\/portasplit\/wp-json\/wp\/v2\/product_brand?post=5502"},{"taxonomy":"product_cat","embeddable":true,"href":"https:\/\/klimabrands.dk\/portasplit\/wp-json\/wp\/v2\/product_cat?post=5502"},{"taxonomy":"product_tag","embeddable":true,"href":"https:\/\/klimabrands.dk\/portasplit\/wp-json\/wp\/v2\/product_tag?post=5502"}],"curies":[{"name":"wp","href":"https:\/\/api.w.org\/{rel}","templated":true}]}}