{"id":4239,"date":"2024-12-12T15:02:12","date_gmt":"2024-12-12T15:02:12","guid":{"rendered":"https:\/\/klimabrands.dk\/portasplit\/?post_type=product&#038;p=4239"},"modified":"2025-04-04T06:24:33","modified_gmt":"2025-04-04T06:24:33","slug":"universal-holder-til-portasplit","status":"publish","type":"product","link":"https:\/\/klimabrands.dk\/portasplit\/vare\/universal-holder-til-portasplit\/","title":{"rendered":"Universal holder til PortaSplit"},"content":{"rendered":"","protected":false},"excerpt":{"rendered":"<p>Med universalbeslaget kan PortaSplit klimaanl\u00e6gget monteres p\u00e5 ovenlysvinduer og franske altaner. Universalholderen kan konverteres til den respektive anvendelse med f\u00e5 trin. Alle n\u00f8dvendige dele er inkluderet.<\/p>\n<p>Der kr\u00e6ves ingen boring eller ekstra v\u00e6rkt\u00f8j til montering. S\u00e6t blot holderen p\u00e5, stram fikseringen, og du er f\u00e6rdig.<\/p>\n<p><strong>Hurtig, nem ops\u00e6tning<\/strong><br \/>\nIngen tekniker, ingen boring n\u00f8dvendig<\/p>\n","protected":false},"featured_media":4246,"template":"","meta":{"_monsterinsights_skip_tracking":false,"_monsterinsights_sitenote_active":false,"_monsterinsights_sitenote_note":"","_monsterinsights_sitenote_category":0},"product_brand":[],"product_cat":[75],"product_tag":[],"class_list":{"0":"post-4239","1":"product","2":"type-product","3":"status-publish","4":"has-post-thumbnail","6":"product_cat-tilbehoer","8":"first","9":"instock","10":"taxable","11":"shipping-taxable","12":"purchasable","13":"product-type-simple"},"aioseo_notices":[],"_links":{"self":[{"href":"https:\/\/klimabrands.dk\/portasplit\/wp-json\/wp\/v2\/product\/4239","targetHints":{"allow":["GET"]}}],"collection":[{"href":"https:\/\/klimabrands.dk\/portasplit\/wp-json\/wp\/v2\/product"}],"about":[{"href":"https:\/\/klimabrands.dk\/portasplit\/wp-json\/wp\/v2\/types\/product"}],"wp:featuredmedia":[{"embeddable":true,"href":"https:\/\/klimabrands.dk\/portasplit\/wp-json\/wp\/v2\/media\/4246"}],"wp:attachment":[{"href":"https:\/\/klimabrands.dk\/portasplit\/wp-json\/wp\/v2\/media?parent=4239"}],"wp:term":[{"taxonomy":"product_brand","embeddable":true,"href":"https:\/\/klimabrands.dk\/portasplit\/wp-json\/wp\/v2\/product_brand?post=4239"},{"taxonomy":"product_cat","embeddable":true,"href":"https:\/\/klimabrands.dk\/portasplit\/wp-json\/wp\/v2\/product_cat?post=4239"},{"taxonomy":"product_tag","embeddable":true,"href":"https:\/\/klimabrands.dk\/portasplit\/wp-json\/wp\/v2\/product_tag?post=4239"}],"curies":[{"name":"wp","href":"https:\/\/api.w.org\/{rel}","templated":true}]}}