{"id":4233,"date":"2024-12-12T14:59:12","date_gmt":"2024-12-12T14:59:12","guid":{"rendered":"https:\/\/klimabrands.dk\/portasplit\/?post_type=product&#038;p=4233"},"modified":"2025-04-04T06:25:14","modified_gmt":"2025-04-04T06:25:14","slug":"vinduespakning-til-hele-saesonen-til-portasplit","status":"publish","type":"product","link":"https:\/\/klimabrands.dk\/portasplit\/vare\/vinduespakning-til-hele-saesonen-til-portasplit\/","title":{"rendered":"Vinduespakning til hele s\u00e6sonen til PortaSplit"},"content":{"rendered":"","protected":false},"excerpt":{"rendered":"<p>Midea all-season vinduespakning er et skr\u00e6ddersyet tilbeh\u00f8r til Midea PortaSplit. Den best\u00e5r af et to-lags isoleringsskum lavet af PVC\/NBR, der nemt kan sk\u00e6res til. T\u00e6tningen tilbyder fremragende termisk isolering, is\u00e6r i opvarmningstilstand, med en U-v\u00e6rdi p\u00e5 2,33 W\/m\u00b2 K, hvilket sikrer bedre isolering end komposit- og kassevinduer (termisk modstand testet i henhold til EN 12667). Den kan nemt fastg\u00f8res til alle almindelige vinduestyper og forbedrer ogs\u00e5 lydisoleringen. Materialet er vand- og vindt\u00e6t, ideelt til brug i al slags vejr.<\/p>\n<p><strong>Hurtig, nem ops\u00e6tning<\/strong><br \/>\nIngen tekniker, ingen boring n\u00f8dvendig<\/p>\n","protected":false},"featured_media":4235,"template":"","meta":{"_monsterinsights_skip_tracking":false,"_monsterinsights_sitenote_active":false,"_monsterinsights_sitenote_note":"","_monsterinsights_sitenote_category":0},"product_brand":[],"product_cat":[75],"product_tag":[],"class_list":{"0":"post-4233","1":"product","2":"type-product","3":"status-publish","4":"has-post-thumbnail","6":"product_cat-tilbehoer","8":"first","9":"instock","10":"taxable","11":"shipping-taxable","12":"purchasable","13":"product-type-simple"},"aioseo_notices":[],"_links":{"self":[{"href":"https:\/\/klimabrands.dk\/portasplit\/wp-json\/wp\/v2\/product\/4233","targetHints":{"allow":["GET"]}}],"collection":[{"href":"https:\/\/klimabrands.dk\/portasplit\/wp-json\/wp\/v2\/product"}],"about":[{"href":"https:\/\/klimabrands.dk\/portasplit\/wp-json\/wp\/v2\/types\/product"}],"wp:featuredmedia":[{"embeddable":true,"href":"https:\/\/klimabrands.dk\/portasplit\/wp-json\/wp\/v2\/media\/4235"}],"wp:attachment":[{"href":"https:\/\/klimabrands.dk\/portasplit\/wp-json\/wp\/v2\/media?parent=4233"}],"wp:term":[{"taxonomy":"product_brand","embeddable":true,"href":"https:\/\/klimabrands.dk\/portasplit\/wp-json\/wp\/v2\/product_brand?post=4233"},{"taxonomy":"product_cat","embeddable":true,"href":"https:\/\/klimabrands.dk\/portasplit\/wp-json\/wp\/v2\/product_cat?post=4233"},{"taxonomy":"product_tag","embeddable":true,"href":"https:\/\/klimabrands.dk\/portasplit\/wp-json\/wp\/v2\/product_tag?post=4233"}],"curies":[{"name":"wp","href":"https:\/\/api.w.org\/{rel}","templated":true}]}}