{"id":4106,"date":"2024-12-05T11:46:58","date_gmt":"2024-12-05T11:46:58","guid":{"rendered":"https:\/\/portasplit.com\/?post_type=product&#038;p=4106"},"modified":"2025-09-24T12:10:53","modified_gmt":"2025-09-24T12:10:53","slug":"midea-portasplit","status":"publish","type":"product","link":"https:\/\/klimabrands.dk\/portasplit\/vare\/midea-portasplit\/","title":{"rendered":"Midea Portasplit"},"content":{"rendered":"<h1>K\u00f8ling og opvarmning med PortaSplit<\/h1>\n<p>Fremragende k\u00f8le- og varmeydelse med hurtig ops\u00e6tning: Den mobile varmepumpe uden permanent installation med en imponerende k\u00f8leydelse p\u00e5 3,5 kW og en SEER-v\u00e6rdi p\u00e5 6,1. Takket v\u00e6re h\u00f8je energieffektivitetsklassificeringer (A++ for k\u00f8ling og A+ for opvarmning) tilbyder PortaSplit overlegen ydeevne sammenlignet med konventionelle mobile klimaanl\u00e6g med 4 gange s\u00e5 stor k\u00f8lekapacitet og 3 gange effektivitet\u00b9. Effektiv opvarmning med varmepumpeteknologi.<\/p>\n<ul class=\"custom-icon-list\">\n<li style=\"list-style-type: none;\">\n<ul class=\"custom-icon-list\">\n<li>\n<div class=\"img-block\"><picture> <img decoding=\"async\" class=\"blur-up ls-is-cached lazyloaded\" src=\"https:\/\/d1pjg4o0tbonat.cloudfront.net\/content\/dam\/midea-aem\/de\/klimatisieren-heizen\/portasplit\/Kuehlleistung-Icon.png\/jcr:content\/renditions\/cq5dam.compression.png\" alt=\"H\u00f8j k\u00f8leydelse\" data-src=\"\/\/d1pjg4o0tbonat.cloudfront.net\/content\/dam\/midea-aem\/de\/klimatisieren-heizen\/portasplit\/Kuehlleistung-Icon.png\/jcr:content\/renditions\/cq5dam.compression.png\" \/><\/picture><\/div>\n<div class=\"advantages\">\n<div class=\"h6\">H\u00f8j k\u00f8leydelse<\/div>\n<p>4 gange h\u00f8jere k\u00f8leydelse og 3 gange h\u00f8jere effektivitet*<\/p>\n<\/div>\n<\/li>\n<li>\n<div class=\"img-block\"><picture><source srcset=\"\/content\/dam\/midea-aem\/de\/klimatisieren-heizen\/portasplit\/Leise-Icon.png\" media=\"(max-width:640px), (max-aspect-ratio:1\/1) and (max-width: 1200px)\" data-srcset=\"\/content\/dam\/midea-aem\/de\/klimatisieren-heizen\/portasplit\/Leise-Icon.png\" \/><\/picture> <picture><img decoding=\"async\" class=\"blur-up ls-is-cached lazyloaded\" src=\"https:\/\/d1pjg4o0tbonat.cloudfront.net\/content\/dam\/midea-aem\/de\/klimatisieren-heizen\/portasplit\/Leise-Icon.png\/jcr:content\/renditions\/cq5dam.compression.png\" alt=\"Stille drift\" data-src=\"\/\/d1pjg4o0tbonat.cloudfront.net\/content\/dam\/midea-aem\/de\/klimatisieren-heizen\/portasplit\/Leise-Icon.png\/jcr:content\/renditions\/cq5dam.compression.png\" \/><\/picture><\/div>\n<div class=\"advantages\">\n<div class=\"h6\">Stille drift<\/div>\n<p>Kun 39 dB(A)** i lydl\u00f8s tilstand<\/p>\n<\/div>\n<\/li>\n<li>\n<div class=\"img-block\"><picture><source srcset=\"\/content\/dam\/midea-aem\/de\/klimatisieren-heizen\/portasplit\/Installation-Icon.png\" media=\"(max-width:640px), (max-aspect-ratio:1\/1) and (max-width: 1200px)\" data-srcset=\"\/content\/dam\/midea-aem\/de\/klimatisieren-heizen\/portasplit\/Installation-Icon.png\" \/><\/picture> <picture><img decoding=\"async\" class=\"blur-up ls-is-cached lazyloaded\" src=\"https:\/\/d1pjg4o0tbonat.cloudfront.net\/content\/dam\/midea-aem\/de\/klimatisieren-heizen\/portasplit\/Installation-Icon.png\/jcr:content\/renditions\/cq5dam.compression.png\" alt=\"Hurtig, nem ops\u00e6tning\" data-src=\"\/\/d1pjg4o0tbonat.cloudfront.net\/content\/dam\/midea-aem\/de\/klimatisieren-heizen\/portasplit\/Installation-Icon.png\/jcr:content\/renditions\/cq5dam.compression.png\" \/><\/picture><\/div>\n<div class=\"advantages\">\n<div class=\"h6\">Hurtig, nem ops\u00e6tning<\/div>\n<p>Ops\u00e6t og brug med det samme. Ingen tekniker, ingen boring n\u00f8dvendig<\/p>\n<\/div>\n<\/li>\n<li>\n<div class=\"img-block\"><picture><source srcset=\"\/content\/dam\/midea-aem\/de\/klimatisieren-heizen\/portasplit\/EffizientesHeizen.png\" media=\"(max-width:640px), (max-aspect-ratio:1\/1) and (max-width: 1200px)\" data-srcset=\"\/content\/dam\/midea-aem\/de\/klimatisieren-heizen\/portasplit\/EffizientesHeizen.png\" \/><\/picture> <picture><img decoding=\"async\" class=\"blur-up ls-is-cached lazyloaded\" src=\"https:\/\/d1pjg4o0tbonat.cloudfront.net\/content\/dam\/midea-aem\/de\/klimatisieren-heizen\/portasplit\/EffizientesHeizen.png\/jcr:content\/renditions\/cq5dam.compression.png\" alt=\"Effektiv opvarmning\" data-src=\"\/\/d1pjg4o0tbonat.cloudfront.net\/content\/dam\/midea-aem\/de\/klimatisieren-heizen\/portasplit\/EffizientesHeizen.png\/jcr:content\/renditions\/cq5dam.compression.png\" \/><\/picture><\/div>\n<div class=\"advantages\">\n<div class=\"h6\">Effektiv opvarmning<\/div>\n<p>Med effektiv og \u00f8konomisk varmepumpeteknologi<\/p>\n<\/div>\n<\/li>\n<li>\n<div class=\"img-block\"><picture><source srcset=\"\/content\/dam\/midea-aem\/de\/klimatisieren-heizen\/portasplit\/EnergieSparend.png\" media=\"(max-width:640px), (max-aspect-ratio:1\/1) and (max-width: 1200px)\" data-srcset=\"\/content\/dam\/midea-aem\/de\/klimatisieren-heizen\/portasplit\/EnergieSparend.png\" \/><\/picture> <picture><img decoding=\"async\" class=\"blur-up ls-is-cached lazyloaded\" src=\"https:\/\/d1pjg4o0tbonat.cloudfront.net\/content\/dam\/midea-aem\/de\/klimatisieren-heizen\/portasplit\/EnergieSparend.png\/jcr:content\/renditions\/cq5dam.compression.png\" alt=\"Smart energibesparelse\" data-src=\"\/\/d1pjg4o0tbonat.cloudfront.net\/content\/dam\/midea-aem\/de\/klimatisieren-heizen\/portasplit\/EnergieSparend.png\/jcr:content\/renditions\/cq5dam.compression.png\" \/><\/picture><\/div>\n<div class=\"advantages\">\n<div class=\"h6\">Smart energibesparelse<\/div>\n<p>A++ til k\u00f8ling, A+ varme<\/p>\n<\/div>\n<\/li>\n<li>\n<div class=\"img-block\"><picture><source srcset=\"\/content\/dam\/midea-aem\/de\/klimatisieren-heizen\/portasplit\/SmartHome.png\" media=\"(max-width:640px), (max-aspect-ratio:1\/1) and (max-width: 1200px)\" data-srcset=\"\/content\/dam\/midea-aem\/de\/klimatisieren-heizen\/portasplit\/SmartHome.png\" \/><\/picture> <picture><img decoding=\"async\" class=\"blur-up ls-is-cached lazyloaded\" src=\"https:\/\/d1pjg4o0tbonat.cloudfront.net\/content\/dam\/midea-aem\/de\/klimatisieren-heizen\/portasplit\/SmartHome.png\/jcr:content\/renditions\/cq5dam.compression.png\" alt=\"Smart kontrol fra hvor som helst\" data-src=\"\/\/d1pjg4o0tbonat.cloudfront.net\/content\/dam\/midea-aem\/de\/klimatisieren-heizen\/portasplit\/SmartHome.png\/jcr:content\/renditions\/cq5dam.compression.png\" \/><\/picture><\/div>\n<div class=\"advantages\">\n<div class=\"h6\">Smart kontrol fra hvor som helst<\/div>\n<p>Med Midea SmartHome-appen<\/p>\n<\/div>\n<\/li>\n<\/ul>\n<\/li>\n<\/ul>\n","protected":false},"excerpt":{"rendered":"<p>PortaSplit \u2013 Det mobile split-klimaanl\u00e6g uden permanent installation med en imponerende k\u00f8lekapacitet p\u00e5 3,5 kW og en SEER-v\u00e6rdi p\u00e5 6,1. Takket v\u00e6re h\u00f8je energieffektivitetsklassificeringer (A++ for k\u00f8ling og A+ for opvarmning) tilbyder PortaSplit overlegen ydeevne sammenlignet med konventionelle mobile klimaanl\u00e6g med 4 gange h\u00f8jere k\u00f8lekapacitet og 3 gange h\u00f8jere effektivitet*. Effektiv opvarmning med varmepumpeteknologi.<\/p>\n<p><img decoding=\"async\" class=\"alignnone wp-image-4121\" src=\"https:\/\/klimabrands.dk\/portasplit\/wp-content\/uploads\/2024\/12\/Energy-Arrows-neu2-300x87.png\" alt=\"\" width=\"200\" height=\"58\" srcset=\"https:\/\/klimabrands.dk\/portasplit\/wp-content\/uploads\/2024\/12\/Energy-Arrows-neu2-300x87.png 300w, https:\/\/klimabrands.dk\/portasplit\/wp-content\/uploads\/2024\/12\/Energy-Arrows-neu2.png 446w\" sizes=\"(max-width: 200px) 100vw, 200px\" \/><\/p>\n","protected":false},"featured_media":4107,"template":"","meta":{"_monsterinsights_skip_tracking":false,"_monsterinsights_sitenote_active":false,"_monsterinsights_sitenote_note":"","_monsterinsights_sitenote_category":0},"product_brand":[],"product_cat":[74],"product_tag":[],"class_list":{"0":"post-4106","1":"product","2":"type-product","3":"status-publish","4":"has-post-thumbnail","6":"product_cat-aircondition","8":"first","9":"instock","10":"taxable","11":"shipping-taxable","12":"purchasable","13":"product-type-simple"},"aioseo_notices":[],"_links":{"self":[{"href":"https:\/\/klimabrands.dk\/portasplit\/wp-json\/wp\/v2\/product\/4106","targetHints":{"allow":["GET"]}}],"collection":[{"href":"https:\/\/klimabrands.dk\/portasplit\/wp-json\/wp\/v2\/product"}],"about":[{"href":"https:\/\/klimabrands.dk\/portasplit\/wp-json\/wp\/v2\/types\/product"}],"wp:featuredmedia":[{"embeddable":true,"href":"https:\/\/klimabrands.dk\/portasplit\/wp-json\/wp\/v2\/media\/4107"}],"wp:attachment":[{"href":"https:\/\/klimabrands.dk\/portasplit\/wp-json\/wp\/v2\/media?parent=4106"}],"wp:term":[{"taxonomy":"product_brand","embeddable":true,"href":"https:\/\/klimabrands.dk\/portasplit\/wp-json\/wp\/v2\/product_brand?post=4106"},{"taxonomy":"product_cat","embeddable":true,"href":"https:\/\/klimabrands.dk\/portasplit\/wp-json\/wp\/v2\/product_cat?post=4106"},{"taxonomy":"product_tag","embeddable":true,"href":"https:\/\/klimabrands.dk\/portasplit\/wp-json\/wp\/v2\/product_tag?post=4106"}],"curies":[{"name":"wp","href":"https:\/\/api.w.org\/{rel}","templated":true}]}}