{"id":5558,"date":"2024-12-05T10:53:52","date_gmt":"2024-12-05T10:53:52","guid":{"rendered":"https:\/\/klimabrands.dk\/portasplit\/myynti-ja-toimitusehdot\/"},"modified":"2025-07-25T21:52:23","modified_gmt":"2025-07-25T21:52:23","slug":"myynti-ja-toimitusehdot","status":"publish","type":"page","link":"https:\/\/klimabrands.dk\/portasplit\/myynti-ja-toimitusehdot\/?lang=fi","title":{"rendered":"Myynti- ja toimitusehdot"},"content":{"rendered":"<h2 class=\"wp-block-heading\">Myynti- ja toimitusehdot  <img decoding=\"async\" width=\"45\" height=\"24\" src=\"https:\/\/klimabrands.dk\/wp-content\/uploads\/2024\/02\/27104-scaled.jpg\" alt=\"\" srcset=\"https:\/\/klimabrands.dk\/wp-content\/uploads\/2024\/02\/27104-scaled.jpg 2560w, https:\/\/klimabrands.dk\/wp-content\/uploads\/2024\/02\/27104-1536x811.jpg 1536w, https:\/\/klimabrands.dk\/wp-content\/uploads\/2024\/02\/27104-2048x1081.jpg 2048w, https:\/\/klimabrands.dk\/wp-content\/uploads\/2024\/02\/27104-640x338.jpg 640w, https:\/\/klimabrands.dk\/wp-content\/uploads\/2024\/02\/27104-960x507.jpg 960w, https:\/\/klimabrands.dk\/wp-content\/uploads\/2024\/02\/27104-1920x1080.jpg 1920w, https:\/\/klimabrands.dk\/wp-content\/uploads\/2024\/02\/27104-600x317.jpg 600w, https:\/\/klimabrands.dk\/wp-content\/uploads\/2024\/02\/27104-96x51.jpg 96w\"\/><\/h2><h5 class=\"wp-block-heading\"><strong>1. M\u00e4\u00e4ritelm\u00e4t<\/strong><\/h5><p>Ellei tekstiss\u00e4 toisin mainita, n\u00e4iss\u00e4 myynti- ja toimitusehdoissa sovelletaan seuraavia m\u00e4\u00e4ritelmi\u00e4: &#8220;Asiakas&#8221; tarkoittaa yrityst\u00e4 tai yrityst\u00e4, joka on tehnyt tilauksen Klimabrands A\/S:lle. &#8220;KB&#8221; tarkoittaa Klimabrands A\/S:\u00e4\u00e4, CVR-numero 33771622. &#8220;Myynti- ja toimitusehdot&#8221; tarkoittaa n\u00e4it\u00e4 myynti- ja toimitusehtoja, mukaan lukien takuum\u00e4\u00e4r\u00e4ykset<a href=\"https:\/\/klimabrands.dk\/garantibestemmelser\/\">(https:\/\/klimabrands.dk\/garantibestemmelser\/<\/a>) &#8211; jotka ovat olennainen osa myynti- ja toimitusehtoja. &#8220;Tuote&#8221; tarkoittaa jotakin KB:n tuotetta. &#8220;R\u00e4\u00e4t\u00e4l\u00f6idyt tuotteet&#8221; tarkoittaa KB:n varastoimattomia tuotteita, jotka on erityisesti valmistettu asiakkaan toiveiden mukaisesti. &#8220;Lis\u00e4maksu&#8221; tarkoittaa kulloinkin sovellettavia tuotteiden yms. toimitukseen liittyvi\u00e4 lis\u00e4maksuja, mukaan lukien rahtikustannukset. &#8220;Suorat toimitukset&#8221; tarkoittaa tuotteiden toimittamista suoraan KB:lt\u00e4 loppuasiakkaalle.      <\/p><h5 class=\"wp-block-heading\"><strong>2. Voimassaolo<\/strong><\/h5><p>N\u00e4it\u00e4 k\u00e4ytt\u00f6ehtoja sovelletaan kaikkiin KB:n tarjouksiin tuotteiden myynnist\u00e4 ja toimittamisesta, ellei toisin ole kirjallisesti sovittu. N\u00e4it\u00e4 myynti- ja toimitusehtoja sovelletaan sek\u00e4 KB:n tuotteiden toimittamiseen asiakkaalle ett\u00e4 suoriin toimituksiin. <\/p><h5 class=\"wp-block-heading\"><strong>3. tuotetiedot<\/strong><\/h5><p>Tuotetietoja, kuten hintoja, kuvia, piirustuksia, teknisi\u00e4 tietoja ja vastaavia, sek\u00e4 muita KB:n luetteloissa ja muussa myyntimateriaalissa tai muissa tiedotusv\u00e4lineiss\u00e4, mukaan lukien KB:n verkkosivusto, olevia tietoja ei pidet\u00e4 oikeudellisesti sitovina, vaan ainoastaan ohjeellisina. KB ei voi taata tai taata, ett\u00e4 tuote sopii asiakkaan tarpeisiin. T\u00e4m\u00e4n vuoksi asiakas vastaa siit\u00e4, ett\u00e4 tuote soveltuu tarkoitukseensa ja t\u00e4ytt\u00e4\u00e4 tarvittavat vaatimukset.  <\/p><h5 class=\"wp-block-heading\"><strong>4. tuotep\u00e4ivitys<\/strong><\/h5><p>KB pid\u00e4tt\u00e4\u00e4 oikeuden p\u00e4ivitt\u00e4\u00e4 tuotesuunnittelua ja teknisi\u00e4 tietoja ilman ennakkoilmoitusta tuotteiden parantamiseksi.<\/p><h5 class=\"wp-block-heading\"><strong>5. Toimitus ja riskin siirto<\/strong><\/h5><p>Kun KB:n nime\u00e4m\u00e4 rahdinkuljettaja on toimittanut tuotteen, riski tuotteen vahingossa tapahtuvasta katoamisesta siirtyy sovittuun toimitusosoitteeseen toimitettaessa. Ellei toisin sovita, asiakkaan on maksettava tuotteen toimittamisesta m\u00e4\u00e4ritelty lis\u00e4maksu. Toimituksen edellytyksen\u00e4 on, ett\u00e4 purkupaikalle p\u00e4\u00e4see kulkukelpoista tiet\u00e4 pitkin. Asiakas vastaa siit\u00e4, ett\u00e4 purkaminen voidaan suorittaa v\u00e4litt\u00f6m\u00e4sti sovitussa toimitusosoitteessa. Asiakas vastaa mahdollisista lis\u00e4kustannuksista, jos purkaminen ei onnistu odotetulla tavalla. Jos tuotteen toimittaa muu kuin KB:n nime\u00e4m\u00e4 rahdinkuljettaja, riski tuotteen tahattomasta katoamisesta siirtyy, kun tuote noudetaan KB:n varastosta. KB pid\u00e4tt\u00e4\u00e4 oikeuden tehd\u00e4 osatoimituksia. Jos tilaus koskee tuotteita, joita ei ole KB:n varastossa tilausp\u00e4iv\u00e4n\u00e4, KB ilmoittaa asiakkaalle kohtuullisen ajan kuluessa ja ilmoittaa, milloin toimituksen odotetaan tapahtuvan. Toimituksen yhteydess\u00e4 asiakkaan on v\u00e4litt\u00f6m\u00e4sti suoritettava toimitetun tuotteen asianmukainen tarkastus. Jos asiakas v\u00e4itt\u00e4\u00e4, ett\u00e4 toimitetussa tuotteessa on n\u00e4kyvi\u00e4 vaurioita, asiakkaan on ilmoitettava siit\u00e4 v\u00e4litt\u00f6m\u00e4sti ja viimeist\u00e4\u00e4n toimitusp\u00e4iv\u00e4n\u00e4 KB:lle. Jos asiakas on allekirjoittanut tuotteen toimituksen yhteydess\u00e4 rahtikirjan ilman huomautuksia, ei ole mahdollista valittaa, ett\u00e4 tuotteessa olisi ollut n\u00e4kyvi\u00e4 vaurioita toimituksen yhteydess\u00e4. Jos Asiakas haluaa reklamoida, ett\u00e4 toimitetussa Tuotteessa oli toimitettaessa n\u00e4kym\u00e4tt\u00f6mi\u00e4 vaurioita, Asiakkaan on ilmoitettava siit\u00e4 KB:lle 5 p\u00e4iv\u00e4n kuluessa Tuotteen toimittamisesta. Jos asiakas haluaa reklamoida virheellisest\u00e4 toimituksesta, asiakkaan on ilmoitettava siit\u00e4 KB:lle 5 p\u00e4iv\u00e4n kuluessa toimituksesta.            <\/p><h5 class=\"wp-block-heading\"><strong>6. Pakkaus<\/strong><\/h5><p>Asiakas ei saa muuttaa, poistaa tai pyyhki\u00e4 pois tuotteen merkint\u00f6j\u00e4 tai alkuper\u00e4ist\u00e4 pakkausta eik\u00e4 poistaa mit\u00e4\u00e4n varoituksia, merkint\u00f6j\u00e4, viestej\u00e4 tai ominaisuuksia, jotka ovat osa tuotetta tai tuotteen pakkausta tai jotka n\u00e4kyv\u00e4t siin\u00e4.<\/p><h5 class=\"wp-block-heading\"><strong>7 Hinnat<\/strong><\/h5><p>Kaikki hinnat ilmoitetaan joko Tanskan kruunuina tai euroina, ja ne ovat arvonlis\u00e4verottomia ja vapaasti varastossa.<\/p><h5 class=\"wp-block-heading\"><strong>8. Maksu<\/strong><\/h5><p>Maksuehtona on netto k\u00e4teinen ilman mink\u00e4\u00e4nlaisia v\u00e4hennyksi\u00e4, ellei toisin sovita. Jos asiakas ei maksa koko summaa ajallaan, KB voi peri\u00e4 er\u00e4p\u00e4iv\u00e4st\u00e4 alkaen korkolain mukaista korkoa + 100 Tanskan kruunun perint\u00e4maksun. <\/p><h5 class=\"wp-block-heading\"><strong>9. Palauttaa<\/strong><\/h5><p>Asiakas voi poikkeuksellisesti palauttaa ostamansa tuotteet 8 p\u00e4iv\u00e4n kuluessa. Edellytyksen\u00e4 on, ett\u00e4 tuote ei ole Ostettu tuote ja ett\u00e4 se on vahingoittumattomassa kunnossa ja palautettu alkuper\u00e4ispakkauksessa. <\/p><h5 class=\"wp-block-heading\"><strong>10. Takuu ja takuu<\/strong><\/h5><p>Tuotteen valmistajana KB my\u00f6nt\u00e4\u00e4 takuun liitteess\u00e4 1 esitettyjen ehtojen mukaisesti.<\/p><h5 class=\"wp-block-heading\"><strong>11. Viat ja valitukset<\/strong><\/h5><p>Jos asiakas haluaa reklamoida tuotteessa olevasta viasta, jonka h\u00e4n on havainnut tai jonka h\u00e4nen olisi pit\u00e4nyt havaita, asiakkaan on ilmoitettava siit\u00e4 v\u00e4litt\u00f6m\u00e4sti ja viimeist\u00e4\u00e4n 5 p\u00e4iv\u00e4n kuluessa tuotteen toimittamisesta KB:lle ja ilmoitettava vian luonne. Asiakkaalla on todistustaakka siit\u00e4, ett\u00e4 asiakkaan v\u00e4itt\u00e4m\u00e4 tuotevirhe oli olemassa silloin, kun tuote toimitettiin asiakkaalle. Tuotteen vian korjaaminen tapahtuu KB:n valinnan mukaan joko vian korjaamisena tai vaihtona. Asiakkaalla ei ole oikeutta vaatia muita oikaisukeinoja vikojen osalta, eik\u00e4 asiakkaalla n\u00e4in ollen ole oikeutta korvaukseen tai hyvitykseen menetyksist\u00e4 ja kustannuksista, joita asiakkaalle aiheutuu oikaisun tai vaihdon yhteydess\u00e4, mukaan lukien korvatun tuotteen kokoonpano- ja asennuskustannukset. Jos asiakas ei ole ilmoittanut KB:lle toimitetun tuotteen virheest\u00e4 12 kuukauden kuluessa toimitusp\u00e4iv\u00e4st\u00e4, asiakas ei voi my\u00f6hemmin vaatia virheest\u00e4 korvausta. Vaihdettujen tai korjattujen osien osalta KB:lla on samat velvoitteet kuin alun perin myydyn tuotteen osalta 12 kuukauden ajan, mutta KB:n vastuu myydyn tuotteen mink\u00e4\u00e4n osan virheist\u00e4 ei kuitenkaan voi jatkua yli 18 kuukautta alkuper\u00e4isest\u00e4 toimitusp\u00e4iv\u00e4st\u00e4.     <\/p><h5 class=\"wp-block-heading\"><strong>12 Vastuunrajoitukset viiv\u00e4stysten, puutteiden tai virheellisten toimitusten osalta<\/strong><\/h5><p>KB ei ole miss\u00e4\u00e4n tapauksessa vastuussa mist\u00e4\u00e4n liiketoiminnan menetyksest\u00e4, voiton menetyksest\u00e4 tai muusta ep\u00e4suorasta tai v\u00e4lillisest\u00e4 menetyksest\u00e4 tai vahingosta, mukaan luettuna vahingonkorvausvelvoitteet tai muut seuraamukset, jotka johtuvat viiv\u00e4styksist\u00e4 tai myydyn tuotteen virheist\u00e4, ellei KB ole toiminut tahallisesti tai t\u00f6rke\u00e4st\u00e4 huolimattomuudesta. Sama koskee my\u00f6s virheellisi\u00e4 toimituksia, jotka ovat suoraan KB:n syyksi luettavia. Sama koskee my\u00f6s KB:n viiv\u00e4styst\u00e4 asiakkaan ostaman yhden tai useamman palvelun toimittamisessa. KB:n kokonaisvastuu vahingonkorvauksista ei miss\u00e4\u00e4n tapauksessa voi ylitt\u00e4\u00e4 tuotteen arvonlis\u00e4verotonta hintaa. Ilman KB:n kirjallista suostumusta myydyn tuotteen muuttaminen tai siihen puuttuminen vapauttaa KB:n kaikista tuotteeseen liittyvist\u00e4 velvoitteista. Jos asiakas perustellusti peruuttaa tilauksen merkitt\u00e4v\u00e4n virheen tai merkitt\u00e4v\u00e4n viiv\u00e4styksen vuoksi ja ostaa tuotetta vastaavan tuotteen, asiakas voi vaatia KB:lt\u00e4 korvausta vastaavien tuotteiden hankkimisesta toiselta toimittajalta aiheutuneista v\u00e4litt\u00f6mist\u00e4 ja dokumentoiduista kustannuksista, jotka eiv\u00e4t kuitenkaan miss\u00e4\u00e4n tapauksessa saa ylitt\u00e4\u00e4 15 prosenttia virheellisen tai viiv\u00e4styneen tuotteen arvonlis\u00e4verottomasta hinnasta. Asiakkaalla ei my\u00f6sk\u00e4\u00e4n ole oikeutta mihink\u00e4\u00e4n muuhun korvaukseen tilauksen peruuttamisesta, mukaan lukien kuljetuskustannukset tai vastaavat. Seuraavat olosuhteet (ylivoimainen este) vapauttavat KB:n vastuusta, jos ne est\u00e4v\u00e4t tuotteen toimituksen: Ty\u00f6taistelut, lakot, ty\u00f6sulut ja muut olosuhteet, joihin osapuolet eiv\u00e4t voi vaikuttaa, kuten tulipalo, sota, liikekannallepano tai vastaavanlainen ennalta arvaamaton sotilaskutsunta, pakkolunastus, takavarikko, valuuttarajoitukset, mellakat ja kansalaislevottomuudet, ep\u00e4tavalliset s\u00e4\u00e4olot ja luonnonmullistukset, mukaan lukien tulivuorenpurkaukset ja pilvipurkaukset, vakavat tautiepidemiat, kuljetusv\u00e4lineiden puute, yleinen tavarapula, k\u00e4ytt\u00f6voiman rajoitukset sek\u00e4 toimittajien toimitusten puute tai viiv\u00e4styminen, joka johtuu jostakin t\u00e4ss\u00e4 lausekkeessa mainitusta olosuhteesta. Mainitut olosuhteet, jotka ovat ilmenneet ennen tarjouksen\/tilauksen j\u00e4tt\u00e4mist\u00e4, johtavat vastuusta vapautumiseen vain, jos niiden vaikutusta tilauksen t\u00e4ytt\u00e4miseen ei voitu tuolloin ennakoida. KB:n on ilmoitettava asiakkaalle kirjallisesti kohtuullisen ajan kuluessa olosuhteiden ilmenemisest\u00e4.         <\/p><p>Jos toimituksen viiv\u00e4styminen johtuu ylivoimaisesta esteest\u00e4, toimitusaikaa lyk\u00e4t\u00e4\u00e4n esteen keston ajaksi, kuitenkin siten, ett\u00e4 molemmilla osapuolilla on oikeus peruuttaa Tuotteen toimitustilaus ilman vastuuvelvollisuutta, jos este on kest\u00e4nyt yli kolme kuukautta. T\u00e4t\u00e4 m\u00e4\u00e4r\u00e4yst\u00e4 sovelletaan riippumatta siit\u00e4, ilmeneek\u00f6 viiv\u00e4styksen syy ennen sovitun toimitusajan p\u00e4\u00e4ttymist\u00e4 vai sen j\u00e4lkeen. <\/p><h5 class=\"wp-block-heading\"><strong>13 Tuotevastuu<\/strong><\/h5><p>Tuotevastuuseen sovelletaan Tanskan lakia ja n\u00e4iss\u00e4 myynti- ja toimitusehdoissa esitettyj\u00e4 vastuunrajoituksia. KB voi olla vastuussa tuotteen aiheuttamasta henkil\u00f6vahingosta vain, jos voidaan osoittaa, ett\u00e4 vahinko on seurausta KB:n tai muiden KB:n vastuulla olevien henkil\u00f6iden laiminly\u00f6nnist\u00e4 tai huolimattomuudesta. KB ei ole vastuussa tuotteen aiheuttamista kiinte\u00e4n tai henkil\u00f6kohtaisen omaisuuden vahingoista toimituksen j\u00e4lkeen. KB ei my\u00f6sk\u00e4\u00e4n ole vastuussa vahingoista, joita aiheutuu asiakkaan valmistamille tai asiakkaan varastoimille tuotteille tai asiakkaan tuotteille, joihin tuote on sis\u00e4llytetty. KB ei ole vastuussa mist\u00e4\u00e4n liiketoiminnan menetyksest\u00e4, voiton menetyksest\u00e4 tai muusta ep\u00e4suorasta tai v\u00e4lillisest\u00e4 menetyksest\u00e4 tai vahingosta, mukaan lukien sopimussakko tai muiden seuraamusten maksaminen, jotka johtuvat viallisesta tuotteesta, ellei KB pysty osoittamaan t\u00f6rke\u00e4\u00e4 huolimattomuutta tai tahallisuutta. Asiakkaan on korvattava KB:lle kaikki kolmansien osapuolten KB:ta vastaan esitt\u00e4m\u00e4t tuotevastuuvaatimukset silt\u00e4 osin kuin KB ei ole vastuussa asiakkaalle n\u00e4iden myynti- ja toimitusehtojen nojalla.     <\/p><h5 class=\"wp-block-heading\"><strong>14. Oikeuksien ja velvollisuuksien siirto<\/strong><\/h5><p>KB:ll\u00e4 on oikeus siirt\u00e4\u00e4 kaikki tilauksen t\u00e4ytt\u00e4miseen liittyv\u00e4t oikeudet ja velvollisuudet kolmannelle osapuolelle ilman asiakkaan suostumusta.<\/p><h5 class=\"wp-block-heading\"><strong>15. muutokset<\/strong><\/h5><p>KB pid\u00e4tt\u00e4\u00e4 oikeuden muuttaa n\u00e4it\u00e4 k\u00e4ytt\u00f6ehtoja. Ehtojen ja edellytysten ajantasainen versio l\u00f6ytyy aina osoitteesta www.klimabrands.dk. <\/p><h5 class=\"wp-block-heading\"><strong>16 Lainvalinta ja toimivalta<\/strong><\/h5><p>N\u00e4ihin myynti- ja toimitusehtoihin sovelletaan Tanskan lakia lukuun ottamatta Tanskan kansainv\u00e4list\u00e4 yksityisoikeutta ja YK:n yleissopimusta tavaroiden kansainv\u00e4lisest\u00e4 kaupasta (CISG). Kaikki riidat, jotka voivat synty\u00e4 osapuolten kauppasuhteessa, jota n\u00e4m\u00e4 myynti- ja toimitusehdot s\u00e4\u00e4telev\u00e4t, ja joita ei voida ratkaista sovinnollisesti, on saatettava Hj\u00f8rringin tuomioistuimen k\u00e4sitelt\u00e4v\u00e4ksi Tanskassa. <\/p><h5 class=\"wp-block-heading\"><strong>17. ennakkotilaukset (ennakkotilaukset \/ takaisintilaukset)<\/strong><\/h5><p><strong>M\u00e4\u00e4ritelm\u00e4 ja maksu<\/strong><br\/>Ennakkotilaus (ennakkotilaus\/jatkotilaus) tarkoittaa, ett\u00e4 tilaat tuotteen, jota ei ole viel\u00e4 varastossa tai jota ei ole viel\u00e4 virallisesti tuotu markkinoille. Maksu ennakkotilatuista tuotteista v\u00e4hennet\u00e4\u00e4n <strong>heti<\/strong> tilauksen tekemisen j\u00e4lkeen, jotta voit varmistaa tuotteen varauksen. <\/p><p><strong>Odotettu toimitusaika<\/strong><br\/>Odotettu toimitusaika n\u00e4kyy tuotesivulla. Pyrimme noudattamaan ilmoitettua p\u00e4iv\u00e4m\u00e4\u00e4r\u00e4\u00e4, mutta valmistajan taholta tai kuljetuksen aikana voi esiinty\u00e4 viiv\u00e4styksi\u00e4. Jos viiv\u00e4stykset ovat merkitt\u00e4vi\u00e4, ilmoitamme niist\u00e4 mahdollisimman pian.  <\/p><p><strong>Peruuttamisoikeus (14 p\u00e4iv\u00e4\u00e4)<\/strong><br\/>EU:n nykyisen lains\u00e4\u00e4d\u00e4nn\u00f6n mukaan sinulla on 14 p\u00e4iv\u00e4n peruutusoikeus. T\u00e4m\u00e4 m\u00e4\u00e4r\u00e4aika alkaa siit\u00e4 p\u00e4iv\u00e4st\u00e4, jona <strong>vastaanotat<\/strong> tavarat (ei tilausp\u00e4iv\u00e4st\u00e4). Jos haluat k\u00e4ytt\u00e4\u00e4 peruutusoikeuttasi, sinun on otettava meihin yhteytt\u00e4 ennen peruutusajan p\u00e4\u00e4ttymist\u00e4 ja palautettava tavarat vahingoittumattomina. Mahdollinen hyvitys suoritetaan 14 p\u00e4iv\u00e4n kuluessa siit\u00e4 p\u00e4iv\u00e4st\u00e4, jona saamme tuotteen takaisin tai saamme asiakirjat siit\u00e4, ett\u00e4 tuote on l\u00e4hetetty.   <\/p><p><strong>Peruutusoikeus toimituksen viiv\u00e4styess\u00e4<\/strong><br\/>Jos toimitusp\u00e4iv\u00e4 viiv\u00e4styy merkitt\u00e4v\u00e4sti, sinulla on oikeus peruuttaa ennakkotilauksesi ja saada t\u00e4ysi hyvitys. Ilmoitamme sinulle t\u00e4llaisesta viiv\u00e4styksest\u00e4 ja palautamme rahasi mahdollisimman pian, jos peruutus tapahtuu. <\/p><p><strong>Yhteydenotot ja tuki<\/strong><br\/>Jos sinulla on kysytt\u00e4v\u00e4\u00e4 ennakkotilauksestasi, toimituksesta tai haluat peruuttaa ostoksesi, ota yhteytt\u00e4 asiakaspalveluumme. Pyrimme vastaamaan 24 tunnin kuluessa. <\/p>","protected":false},"excerpt":{"rendered":"<p>Myynti- ja toimitusehdot 1. M\u00e4\u00e4ritelm\u00e4t Ellei tekstiss\u00e4 toisin mainita, n\u00e4iss\u00e4<\/p>\n<div class=\"read-more-wrapper\"><a class=\"more-link read-more-link\" href=\"https:\/\/klimabrands.dk\/portasplit\/myynti-ja-toimitusehdot\/?lang=fi\">Read More<\/a><\/div>\n","protected":false},"author":1,"featured_media":0,"parent":0,"menu_order":0,"comment_status":"closed","ping_status":"closed","template":"","meta":{"_monsterinsights_skip_tracking":false,"_monsterinsights_sitenote_active":false,"_monsterinsights_sitenote_note":"","_monsterinsights_sitenote_category":0,"footnotes":""},"class_list":["post-5558","page","type-page","status-publish","hentry"],"aioseo_notices":[],"_links":{"self":[{"href":"https:\/\/klimabrands.dk\/portasplit\/wp-json\/wp\/v2\/pages\/5558","targetHints":{"allow":["GET"]}}],"collection":[{"href":"https:\/\/klimabrands.dk\/portasplit\/wp-json\/wp\/v2\/pages"}],"about":[{"href":"https:\/\/klimabrands.dk\/portasplit\/wp-json\/wp\/v2\/types\/page"}],"author":[{"embeddable":true,"href":"https:\/\/klimabrands.dk\/portasplit\/wp-json\/wp\/v2\/users\/1"}],"replies":[{"embeddable":true,"href":"https:\/\/klimabrands.dk\/portasplit\/wp-json\/wp\/v2\/comments?post=5558"}],"version-history":[{"count":2,"href":"https:\/\/klimabrands.dk\/portasplit\/wp-json\/wp\/v2\/pages\/5558\/revisions"}],"predecessor-version":[{"id":6182,"href":"https:\/\/klimabrands.dk\/portasplit\/wp-json\/wp\/v2\/pages\/5558\/revisions\/6182"}],"wp:attachment":[{"href":"https:\/\/klimabrands.dk\/portasplit\/wp-json\/wp\/v2\/media?parent=5558"}],"curies":[{"name":"wp","href":"https:\/\/api.w.org\/{rel}","templated":true}]}}