{"id":5550,"date":"2024-12-05T10:53:52","date_gmt":"2024-12-05T10:53:52","guid":{"rendered":"https:\/\/klimabrands.dk\/portasplit\/vilkaar-og-betingelser-for-salg-og-levering\/"},"modified":"2025-07-25T21:52:27","modified_gmt":"2025-07-25T21:52:27","slug":"vilkaar-og-betingelser-for-salg-og-levering","status":"publish","type":"page","link":"https:\/\/klimabrands.dk\/portasplit\/vilkaar-og-betingelser-for-salg-og-levering\/?lang=no","title":{"rendered":"Vilk\u00e5r og betingelser for salg og levering"},"content":{"rendered":"<h2 class=\"wp-block-heading\">Vilk\u00e5r og betingelser for salg og levering  <img decoding=\"async\" width=\"45\" height=\"24\" src=\"https:\/\/klimabrands.dk\/wp-content\/uploads\/2024\/02\/27104-scaled.jpg\" alt=\"\" srcset=\"https:\/\/klimabrands.dk\/wp-content\/uploads\/2024\/02\/27104-scaled.jpg 2560w, https:\/\/klimabrands.dk\/wp-content\/uploads\/2024\/02\/27104-1536x811.jpg 1536w, https:\/\/klimabrands.dk\/wp-content\/uploads\/2024\/02\/27104-2048x1081.jpg 2048w, https:\/\/klimabrands.dk\/wp-content\/uploads\/2024\/02\/27104-640x338.jpg 640w, https:\/\/klimabrands.dk\/wp-content\/uploads\/2024\/02\/27104-960x507.jpg 960w, https:\/\/klimabrands.dk\/wp-content\/uploads\/2024\/02\/27104-1920x1080.jpg 1920w, https:\/\/klimabrands.dk\/wp-content\/uploads\/2024\/02\/27104-600x317.jpg 600w, https:\/\/klimabrands.dk\/wp-content\/uploads\/2024\/02\/27104-96x51.jpg 96w\"\/><\/h2><h5 class=\"wp-block-heading\"><strong>1. Definisjoner<\/strong><\/h5><p>Med mindre annet er angitt i teksten, gjelder f\u00f8lgende definisjoner i disse salgs- og leveringsbetingelsene: &#8220;Kunde&#8221; betyr den bedriften eller virksomheten som har lagt inn en bestilling hos Klimabrands A\/S. &#8220;KB&#8221; st\u00e5r for Klimabrands A\/S, CVR-nummer . &#8220;KB&#8221; st\u00e5r for Klimabrands A\/S, CVR-nr. 33771622. &#8220;Salgs- og leveringsbetingelser&#8221; betyr disse salgs- og leveringsbetingelsene inkludert garantibestemmelser<a href=\"https:\/\/klimabrands.dk\/garantibestemmelser\/\">(https:\/\/klimabrands.dk\/garantibestemmelser\/)<\/a>&#8211; som utgj\u00f8r en integrert del av salgs- og leveringsbetingelsene. &#8220;Produkt&#8221; betyr et av KBs produkter. &#8220;Kundetilpassede produkter&#8221; betyr ikke lagerf\u00f8rte produkter hos KB som er spesialprodusert etter kundens \u00f8nsker. &#8220;Tillegg&#8221; betyr de til enhver tid gjeldende tillegg for levering av Produkter m.m., herunder fraktkostnader. &#8220;Direkte leveranser&#8221; betyr levering av Produkter direkte fra KB til sluttkunden.      <\/p><h5 class=\"wp-block-heading\"><strong>2. Gyldighet<\/strong><\/h5><p>Disse salgs- og leveringsbetingelsene gjelder for alle tilbud om salg og levering av Produkter fra KB, med mindre annet er skriftlig avtalt. Disse salgs- og leveringsbetingelsene gjelder b\u00e5de i forhold til KBs levering av Produkter til Kunden og i forhold til Direkteleveranser. <\/p><h5 class=\"wp-block-heading\"><strong>3. Produktinformasjon<\/strong><\/h5><p>Produktinformasjon som priser, bilder, tegninger, spesifikasjoner og lignende, samt annen informasjon i KBs kataloger og annet salgsmateriell eller i andre medier, herunder KBs nettsider, skal ikke anses som rettslig bindende, men veiledende. KB kan ikke garantere eller innest\u00e5 for at Produktet er egnet for Kundens behov. Kunden er derfor selv ansvarlig for \u00e5 sikre at Produktet er egnet for form\u00e5let og oppfyller de n\u00f8dvendige krav.  <\/p><h5 class=\"wp-block-heading\"><strong>4. Produktoppdatering<\/strong><\/h5><p>KB forbeholder seg retten til \u00e5 oppdatere produktdesign og spesifikasjoner uten forvarsel for \u00e5 forbedre produktene.<\/p><h5 class=\"wp-block-heading\"><strong>5. Levering og risikooverf\u00f8ring<\/strong><\/h5><p>Ved levering av Produktet av en transport\u00f8r utpekt av KB, overf\u00f8res risikoen for utilsiktet tap av Produktet ved levering til den avtalte leveringsadressen. Med mindre annet er avtalt, skal Kunden betale et spesifisert tillegg for levering av Produktet. Levering er betinget av at lossestedet er tilgjengelig via farbar vei. Kunden er ansvarlig for at lossing kan skje umiddelbart p\u00e5 avtalt leveringsadresse. Kunden skal b\u00e6re eventuelle merkostnader dersom lossing ikke kan skje som forventet. Ved levering av Produktet med en annen transport\u00f8r enn en transport\u00f8r utpekt av KB, g\u00e5r risikoen for utilsiktet tap av Produktet over ved henting av Produktet fra KBs lager. KB forbeholder seg retten til \u00e5 foreta delleveranser. Dersom bestillingen gjelder Produkter som ikke befinner seg p\u00e5 KBs lager p\u00e5 bestillingsdagen, vil KB innen rimelig tid varsle Kunden og opplyse om n\u00e5r levering forventes \u00e5 finne sted. I forbindelse med leveransen skal Kunden straks foreta en hensiktsmessig kontroll av det leverte Produktet. Dersom Kunden hevder at det leverte Produktet har synlige skader, m\u00e5 Kunden varsle KB umiddelbart og senest p\u00e5 leveringsdagen. Dersom Kunden i forbindelse med levering av Produktet har signert fraktbrev uten anmerkninger, er det ikke mulig \u00e5 reklamere p\u00e5 at Produktet hadde synlige skader ved levering. Dersom Kunden \u00f8nsker \u00e5 reklamere p\u00e5 at det leverte Produktet hadde en usynlig skade ved levering, m\u00e5 Kunden varsle KB innen 5 dager etter levering av Produktet. Dersom Kunden \u00f8nsker \u00e5 reklamere p\u00e5 feil levering, m\u00e5 Kunden varsle KB innen 5 dager etter levering.            <\/p><h5 class=\"wp-block-heading\"><strong>6. Emballasje<\/strong><\/h5><p>Kunden skal ikke endre, fjerne eller slette Produktets merking eller originalemballasje, og skal ikke slette advarsler, merking, meldinger eller kjennetegn som er en del av eller finnes p\u00e5 Produktet eller Produktets emballasje.<\/p><h5 class=\"wp-block-heading\"><strong>7 Priser<\/strong><\/h5><p>Alle priser er oppgitt i enten danske kroner eller euro og er eksklusive merverdiavgift og ab lager.<\/p><h5 class=\"wp-block-heading\"><strong>8. Betaling<\/strong><\/h5><p>Betalingsbetingelser er netto kontant uten fradrag av noe slag, med mindre annet er avtalt. Hvis kunden ikke betaler hele bel\u00f8pet i tide, kan KB kreve renter fra forfallsdato i henhold til renteloven + et inkassogebyr p\u00e5 DKK 100. <\/p><h5 class=\"wp-block-heading\"><strong>9. Returnerer<\/strong><\/h5><p>Kunden kan unntaksvis returnere kj\u00f8pte produkter innen 8 dager. Dette forutsatt at produktet ikke er et kj\u00f8pt produkt og er i uskadet stand og returneres i originalemballasjen. <\/p><h5 class=\"wp-block-heading\"><strong>10. Garanti og reklamasjonsrett<\/strong><\/h5><p>Som produsent av produktet gir KB en garanti i henhold til vilk\u00e5rene som er beskrevet i vedlegg 1.<\/p><h5 class=\"wp-block-heading\"><strong>11. Mangler og reklamasjoner<\/strong><\/h5><p>Dersom Kunden vil p\u00e5berope seg en mangel ved Produktet som Kunden har eller burde ha oppdaget, skal Kunden umiddelbart og senest innen 5 dager etter levering av Produktet gi KB melding om dette og opplyse om mangelens art. Kunden har bevisbyrden for at den mangelen ved Produktet som Kunden p\u00e5beroper seg forel\u00e5 p\u00e5 tidspunktet for levering av Produktet til Kunden. Avhjelp av mangler ved Produktet skjer etter KBs valg enten ved utbedring av mangelen eller ved omlevering. Kunden har ikke rett til \u00e5 gj\u00f8re ytterligere mangelsbef\u00f8yelser gjeldende, og Kunden har s\u00e5ledes ikke rett til erstatning eller kompensasjon for tap og kostnader som Kunden p\u00e5f\u00f8res i forbindelse med utbedring eller omlevering, herunder kostnader til montering og installasjon av det omleverte Produktet. Dersom Kunden ikke har varslet KB om en mangel ved det leverte Produktet innen 12 m\u00e5neder etter leveringsdato, kan Kunden ikke senere p\u00e5berope seg mangelen. For deler som skiftes ut eller repareres p\u00e5tar KB seg de samme forpliktelser som gjelder for det opprinnelig solgte Produktet i en periode p\u00e5 12 m\u00e5neder, dog slik at KBs mangelsansvar for noen del av det solgte Produktet ikke kan utstrekkes til mer enn 18 m\u00e5neder fra opprinnelig leveringsdato.     <\/p><h5 class=\"wp-block-heading\"><strong>12 Ansvarsbegrensninger for forsinkelser, mangler eller feilleveranser<\/strong><\/h5><p>KB er under ingen omstendighet ansvarlig for driftstap, tapt fortjeneste eller andre indirekte tap eller f\u00f8lgeskader, herunder konvensjonalbot eller andre straffegebyrer, som f\u00f8lge av forsinkelser eller mangler ved det solgte Produkt, med mindre KB har handlet forsettlig eller grovt uaktsomt. Det samme gjelder i forhold til feilleveranser som direkte kan tilskrives KB. Det samme gjelder ogs\u00e5 i forhold til KBs forsinkelse i forhold til levering av en eller flere Tjenester som Kunden har kj\u00f8pt. KBs samlede erstatningsansvar kan ikke i noe tilfelle overstige Produktets pris eksklusive merverdiavgift. Endring av eller inngrep i det solgte Produkt uten KBs skriftlige samtykke fritar KB for enhver forpliktelse i forhold til Produktet. Dersom Kunden berettiget kansellerer bestillingen p\u00e5 grunn av vesentlig mangel eller vesentlig forsinkelse og kj\u00f8per et produkt tilsvarende Produktet, kan Kunden kreve sine direkte og dokumenterte kostnader ved \u00e5 anskaffe tilsvarende produkt fra en annen leverand\u00f8r dekket av KB, men ikke i noe tilfelle overstige 15 % av prisen ekskl. mva. for det mangelfulle eller forsinkede Produktet. Kunden har heller ikke rett til annen kompensasjon for kansellering av bestillingen, herunder transportkostnader eller lignende. F\u00f8lgende omstendigheter (force majeure) skal frita KB fra ansvar dersom de forhindrer levering av Produktet: Arbeidskonflikt, streik, lockout og enhver annen omstendighet utenfor partenes kontroll, s\u00e5 som brann, krig, mobilisering eller uforutsett milit\u00e6r innkallelse av tilsvarende omfang, rekvisisjon, beslag, valutarestriksjoner, oppr\u00f8r og uroligheter, uvanlige v\u00e6r- og naturkatastrofer, herunder vulkanutbrudd og skybrudd, sykdomsutbrudd av alvorlig art, mangel p\u00e5 transportmidler, alminnelig vareknapphet, restriksjoner p\u00e5 drivkraft og mangler ved eller forsinkelse av leveranser fra leverand\u00f8rer som skyldes noen av de omstendigheter som er nevnt i dette punkt. Omstendigheter som nevnt og som er inntruffet f\u00f8r tilbudet\/bestillingen ble avgitt, medf\u00f8rer bare ansvarsfrihet dersom deres innflytelse p\u00e5 oppfyllelsen av bestillingen ikke kunne forutses p\u00e5 dette tidspunkt. KB skal varsle kunden skriftlig innen rimelig tid dersom omstendigheter inntrer.         <\/p><p>Dersom en forsinkelse i leveringen skyldes force majeure, skal leveringstiden utsettes s\u00e5 lenge hindringen varer, dog slik at begge parter har rett til \u00e5 kansellere bestillingen om levering av Produktet uten ansvar dersom hindringen har vart i mer enn tre m\u00e5neder. Denne bestemmelsen gjelder uavhengig av om \u00e5rsaken til forsinkelsen inntreffer f\u00f8r eller etter utl\u00f8pet av den avtalte leveringstiden. <\/p><h5 class=\"wp-block-heading\"><strong>13 Produktansvar<\/strong><\/h5><p>Produktansvaret reguleres av gjeldende regler i dansk rett med de ansvarsbegrensninger som fremg\u00e5r av disse salgs- og leveringsbetingelsene. KB kan bare holdes ansvarlig for personskade for\u00e5rsaket av et Produkt dersom det kan bevises at skaden skyldes unnlatelse eller uaktsomhet fra KB eller andre som KB svarer for. KB er ikke ansvarlig for skade p\u00e5 fast eiendom eller l\u00f8s\u00f8re for\u00e5rsaket av et Produkt etter at levering har skjedd. KB er heller ikke ansvarlig for skade p\u00e5 produkter som er produsert av eller lagret hos Kunden eller p\u00e5 Kundens produkter som et Produkt inng\u00e5r i. KB er ikke ansvarlig for driftstap, tapt fortjeneste eller andre indirekte tap eller f\u00f8lgeskader, herunder konvensjonalbot eller betaling av andre b\u00f8ter, som f\u00f8lge av et defekt Produkt, med mindre KB kan bevise grov uaktsomhet eller forsett. Kunden skal holde KB skadesl\u00f8s for ethvert produktansvarskrav fra tredjeparter mot KB i den utstrekning KB ikke er ansvarlig overfor Kunden i henhold til disse salgs- og leveringsbetingelsene.     <\/p><h5 class=\"wp-block-heading\"><strong>14. Overf\u00f8ring av rettigheter og forpliktelser<\/strong><\/h5><p>KB har rett til \u00e5 overf\u00f8re alle rettigheter og forpliktelser i forbindelse med oppfyllelse av en ordre til en tredjepart uten Kundens samtykke.<\/p><h5 class=\"wp-block-heading\"><strong>15. Endringer<\/strong><\/h5><p>KB forbeholder seg retten til \u00e5 endre disse vilk\u00e5rene og betingelsene. Den gjeldende versjonen av vilk\u00e5rene finnes til enhver tid p\u00e5 www.klimabrands.dk <\/p><h5 class=\"wp-block-heading\"><strong>16 Lovvalg og jurisdiksjon<\/strong><\/h5><p>Disse salgs- og leveringsbetingelsene er underlagt dansk rett, med unntak av dansk internasjonal privatrett og FN-konvensjonen om internasjonale l\u00f8s\u00f8rekj\u00f8p (CISG). Enhver tvist som m\u00e5tte oppst\u00e5 i partenes handelsforhold, som reguleres av disse salgs- og leveringsbetingelsene, og som ikke kan l\u00f8ses i minnelighet, skal bringes inn for Retten i Hj\u00f8rring, Danmark. <\/p><h5 class=\"wp-block-heading\"><strong>17. Forh\u00e5ndsbestillinger (Forh\u00e5ndsbestillinger \/ restordre)<\/strong><\/h5><p><strong>Definisjon og betaling<\/strong><br\/>En forh\u00e5ndsbestilling (preorder\/restorder) er n\u00e5r du bestiller en vare som enn\u00e5 ikke er p\u00e5 lager eller offisielt lansert. Betaling for forh\u00e5ndsbestilte varer trekkes <strong>umiddelbart<\/strong> etter at bestillingen er fullf\u00f8rt for \u00e5 sikre din reservasjon av varen. <\/p><p><strong>Forventet levering<\/strong><br\/>Forventet leveringsdato vises p\u00e5 produktsiden. Vi bestreber oss p\u00e5 \u00e5 overholde den oppgitte datoen, men det kan oppst\u00e5 forsinkelser fra produsenten eller under transport. Ved betydelige forsinkelser vil vi varsle deg s\u00e5 snart som mulig.  <\/p><p>Angrerett <strong>(14 dager)<\/strong><br\/>I henhold til gjeldende EU-lovgivning har du 14 dagers angrerett. Denne perioden starter fra den dagen du <strong>mottar<\/strong> varene (ikke fra bestillingsdatoen). Hvis du \u00f8nsker \u00e5 benytte deg av angreretten, m\u00e5 du kontakte oss innen angrerettens utl\u00f8p og returnere varene i uskadet stand. Eventuell tilbakebetaling vil skje innen 14 dager fra den dagen vi mottar varen i retur eller mottar dokumentasjon p\u00e5 at varen er sendt.   <\/p><p><strong>Rett til \u00e5 kansellere ved forsinket levering<\/strong><br\/>Hvis leveringsdatoen blir vesentlig forsinket, har du rett til \u00e5 kansellere forh\u00e5ndsbestillingen din og f\u00e5 full refusjon. Vi vil varsle deg hvis en slik forsinkelse oppst\u00e5r, og refundere pengene dine s\u00e5 snart som mulig i tilfelle avbestilling. <\/p><p><strong>Kontakt og support<\/strong><br\/>Hvis du har sp\u00f8rsm\u00e5l om forh\u00e5ndsbestillingen din, levering eller \u00f8nsker \u00e5 kansellere kj\u00f8pet ditt, kan du kontakte v\u00e5r kundeservice. Vi fors\u00f8ker \u00e5 svare innen 24 timer. <\/p>","protected":false},"excerpt":{"rendered":"<p>Vilk\u00e5r og betingelser for salg og levering 1. Definisjoner Med<\/p>\n<div class=\"read-more-wrapper\"><a class=\"more-link read-more-link\" href=\"https:\/\/klimabrands.dk\/portasplit\/vilkaar-og-betingelser-for-salg-og-levering\/?lang=no\">Read More<\/a><\/div>\n","protected":false},"author":1,"featured_media":0,"parent":0,"menu_order":0,"comment_status":"closed","ping_status":"closed","template":"","meta":{"_monsterinsights_skip_tracking":false,"_monsterinsights_sitenote_active":false,"_monsterinsights_sitenote_note":"","_monsterinsights_sitenote_category":0,"footnotes":""},"class_list":["post-5550","page","type-page","status-publish","hentry"],"aioseo_notices":[],"_links":{"self":[{"href":"https:\/\/klimabrands.dk\/portasplit\/wp-json\/wp\/v2\/pages\/5550","targetHints":{"allow":["GET"]}}],"collection":[{"href":"https:\/\/klimabrands.dk\/portasplit\/wp-json\/wp\/v2\/pages"}],"about":[{"href":"https:\/\/klimabrands.dk\/portasplit\/wp-json\/wp\/v2\/types\/page"}],"author":[{"embeddable":true,"href":"https:\/\/klimabrands.dk\/portasplit\/wp-json\/wp\/v2\/users\/1"}],"replies":[{"embeddable":true,"href":"https:\/\/klimabrands.dk\/portasplit\/wp-json\/wp\/v2\/comments?post=5550"}],"version-history":[{"count":4,"href":"https:\/\/klimabrands.dk\/portasplit\/wp-json\/wp\/v2\/pages\/5550\/revisions"}],"predecessor-version":[{"id":6186,"href":"https:\/\/klimabrands.dk\/portasplit\/wp-json\/wp\/v2\/pages\/5550\/revisions\/6186"}],"wp:attachment":[{"href":"https:\/\/klimabrands.dk\/portasplit\/wp-json\/wp\/v2\/media?parent=5550"}],"curies":[{"name":"wp","href":"https:\/\/api.w.org\/{rel}","templated":true}]}}