{"id":5538,"date":"2024-12-05T10:53:08","date_gmt":"2024-12-05T10:53:08","guid":{"rendered":"https:\/\/klimabrands.dk\/portasplit\/takuuehdot\/"},"modified":"2024-12-18T11:43:15","modified_gmt":"2024-12-18T11:43:15","slug":"takuuehdot","status":"publish","type":"page","link":"https:\/\/klimabrands.dk\/portasplit\/takuuehdot\/?lang=fi","title":{"rendered":"Takuuehdot"},"content":{"rendered":"<h2 class=\"wp-block-heading\">Takuuehdot  <img decoding=\"async\" width=\"45\" height=\"24\" src=\"https:\/\/klimabrands.dk\/wp-content\/uploads\/2024\/02\/27104-scaled.jpg\" alt=\"\" srcset=\"https:\/\/klimabrands.dk\/wp-content\/uploads\/2024\/02\/27104-scaled.jpg 2560w, https:\/\/klimabrands.dk\/wp-content\/uploads\/2024\/02\/27104-1536x811.jpg 1536w, https:\/\/klimabrands.dk\/wp-content\/uploads\/2024\/02\/27104-2048x1081.jpg 2048w, https:\/\/klimabrands.dk\/wp-content\/uploads\/2024\/02\/27104-640x338.jpg 640w, https:\/\/klimabrands.dk\/wp-content\/uploads\/2024\/02\/27104-960x507.jpg 960w, https:\/\/klimabrands.dk\/wp-content\/uploads\/2024\/02\/27104-1920x1080.jpg 1920w, https:\/\/klimabrands.dk\/wp-content\/uploads\/2024\/02\/27104-600x317.jpg 600w, https:\/\/klimabrands.dk\/wp-content\/uploads\/2024\/02\/27104-96x51.jpg 96w\"\/><\/h2><p><strong>Seuraavat ehdot koskevat Klimabrands A\/S:n (&#8220;KB&#8221;) my\u00f6nt\u00e4m\u00e4\u00e4 takuuta (&#8220;Takuu&#8221;):<\/strong><\/p><p><strong>1. M\u00e4\u00e4ritelm\u00e4t:<\/strong><\/p><p>Ellei tekstiss\u00e4 toisin mainita, t\u00e4h\u00e4n takuuseen sovelletaan KB:n k\u00e4ytt\u00f6ehdoissa esitettyj\u00e4 m\u00e4\u00e4ritelmi\u00e4.<\/p><p><strong>2. Soveltamisala:<\/strong><\/p><p>2.1 Takuu kattaa KB:n suorien j\u00e4lleenmyyjien (&#8220;J\u00e4lleenmyyj\u00e4&#8221;) ostamat KB:n tuotteet, jotka yksityiset kuluttajat asentavat tai k\u00e4ytt\u00e4v\u00e4t.<br\/>Takuu my\u00f6nnet\u00e4\u00e4n ainoastaan j\u00e4lleenmyyj\u00e4n (KB:n suoran sopimuskumppanin) hyv\u00e4ksi, eik\u00e4 j\u00e4lleenmyyj\u00e4n sopimuskumppani (mukaan lukien Loppuasiakas) tai mik\u00e4\u00e4n muu kolmas osapuoli voi vedota siihen &#8211; ei edes siin\u00e4 tapauksessa, ett\u00e4 asentaja joutuu konkurssiin tai ett\u00e4 j\u00e4lleenmyyj\u00e4 on saneerausmenettelyn kohteena. Takuu raukeaa kaupallisessa k\u00e4yt\u00f6ss\u00e4. Takuu on mit\u00e4t\u00f6n. <\/p><p>2.2 Takuu on voimassa 2 vuotta siit\u00e4, kun tuote on myyty\/asennettu loppuasiakkaalle\/p\u00e4\u00e4asiakkaan luona, mutta tuote on kuitenkin asennettava viimeist\u00e4\u00e4n 3 kuukauden kuluttua siit\u00e4, kun se on myyty j\u00e4lleenmyyj\u00e4lle.<\/p><p>2.3 Laajennetulla takuulla varustettujen l\u00e4mp\u00f6pumppujen osalta takuu on voimassa 5 vuotta siit\u00e4, kun l\u00e4mp\u00f6pumppu asennetaan loppuasiakkaalle, mutta l\u00e4mp\u00f6pumppu on kuitenkin asennettava viimeist\u00e4\u00e4n 3 kuukauden kuluttua siit\u00e4, kun se on myyty j\u00e4lleenmyyj\u00e4lle.<\/p><p>2.4 Takuu koskee vain ilma-vesil\u00e4mp\u00f6pumppuja, jotka on rekister\u00f6ity KB:n verkkosivustolla viimeist\u00e4\u00e4n kahden viikon kuluttua asennuksesta loppuasiakkaalle tai jotka KB:n huoltokumppanit ovat asentaneet.<\/p><p>2.5 Takuu kattaa vain tuotteet, jotka on asennettu loppuasiakkaalle Pohjoismaissa (Tanska, Ruotsi, Norja ja Suomi) (vain sillattavat saaret).<\/p><p>2.6 KB voi milloin tahansa muuttaa takuun ehtoja ja peruuttaa takuun. Takuun muutokset tai peruuttaminen tulevat voimaan siit\u00e4 hetkest\u00e4, kun muutos tai peruuttaminen julkaistaan KB:n verkkosivustolla (www.klimabrands.dk), ja niit\u00e4 sovelletaan t\u00e4m\u00e4n j\u00e4lkeen tilattuihin tuotteisiin. <\/p><p><strong>3. Takuu:<\/strong><\/p><p>3.1 Takuu kattaa (edellytt\u00e4en, ett\u00e4 kohdassa 4 kuvatut takuuehdot t\u00e4yttyv\u00e4t) tuotteissa takuuaikana ilmenev\u00e4t valmistusvirheet ja materiaalivirheet, jotka ovat ilmenneet normaalin k\u00e4yt\u00f6n aikana.<\/p><p>3.2 Takuun piiriin kuuluvien valmistus- ja materiaalivirheiden tapauksessa KB korjaa ja\/tai vaihtaa varaosat tai vaihtaa tuotteen KB:n oman harkinnan mukaan. Takuu ei kata kustannuksia, jotka johtuvat siit\u00e4, ett\u00e4 tilaolosuhteet tekev\u00e4t ty\u00f6st\u00e4 erityisen hankalaa, eik\u00e4 kustannuksia laitteista, kuten nosturista, nostimesta, telineist\u00e4 jne. aiheutuvia kustannuksia. Takuuty\u00f6t on suoritettava KB:n valitseman asentajan toimesta. Takuu ei kata korjaust\u00f6it\u00e4, jotka on tehty ilman ennakkosopimusta KB:n kanssa, eik\u00e4 KB korvaa niit\u00e4.<br\/>Plug&amp;Play-tuotteita ei koskaan korjata loppuasiakkaan luona, vaan ne palautetaan KB:n korjaamolle DK-9900 Frederikshavniin KB:n hyv\u00e4ksynn\u00e4n j\u00e4lkeen. Korjaus, osien vaihto tai vaihto ei automaattisesti k\u00e4ynnist\u00e4 uutta takuuaikaa.    <\/p><p>3.3 Takuu ei anna j\u00e4lleenmyyj\u00e4lle muita kuin t\u00e4ss\u00e4 takuussa mainittuja oikeuksia, eik\u00e4 j\u00e4lleenmyyj\u00e4 voi esitt\u00e4\u00e4 KB:lle mink\u00e4\u00e4nlaisia vaatimuksia, mukaan lukien vaatimukset suhteellisesta v\u00e4hennyksest\u00e4, korvauksesta, mukaan lukien korvaus s\u00e4hk\u00f6kustannuksista, vianetsinn\u00e4st\u00e4, sopimussakkovaatimuksista tai vastaavista. Selvennet\u00e4\u00e4n, ett\u00e4 takuu my\u00f6nnet\u00e4\u00e4n ainoastaan j\u00e4lleenmyyj\u00e4n (KB:n suoran sopimusosapuolen) eduksi, kuten kohdassa 2.2 on tarkemmin kuvattu, jonka mukaan Loppuasiakas tai muu kolmas osapuoli ei voi esitt\u00e4\u00e4 mink\u00e4\u00e4nlaisia vaatimuksia KB:lle. <\/p><p>3.4 Jos takuuty\u00f6n aikana k\u00e4y ilmi, ett\u00e4 tuotteen vika ei kuulu takuun piiriin, vaan johtuu virheellisest\u00e4 kokoonpanosta, k\u00e4sittelyst\u00e4, k\u00e4yt\u00f6st\u00e4, puutteellisesta puhdistuksesta, puutteellisesta huollosta tai muusta vastaavasta, ja jos kyseess\u00e4 on puhelu, joka johtuu siit\u00e4, ett\u00e4 j\u00e4lleenmyyj\u00e4 ei ole halukas yritt\u00e4m\u00e4\u00e4n tuotteen uudelleenk\u00e4ynnist\u00e4mist\u00e4 teknisen tuen ohjeiden j\u00e4lkeen, KB:n kanssa tapauksen luoneelta henkil\u00f6lt\u00e4\/yritykselt\u00e4 laskutetaan puheluun, vianm\u00e4\u00e4ritykseen, korjaukseen ja\/tai vaihtoon k\u00e4ytetyst\u00e4 ty\u00f6ajasta KB:n kulloinkin voimassa olevan 950 Tanskan kruunun (DKK 950) arvonlis\u00e4verottomaan tuntihintaan, johon lis\u00e4t\u00e4\u00e4n matka- ja tarvikekulut.<\/p><p>3.5 Takuu ei koske, jos tuotteessa olevat viat johtuvat seuraavista syist\u00e4.<\/p><ul class=\"wp-block-list\"><li>Ulkoiset olosuhteet, vieraat elementit;<\/li>\n\n<li>Tuotteen muutokset tai lis\u00e4ykset;<\/li>\n\n<li>Virheellinen k\u00e4ytt\u00f6, virheellinen asennus, virheelliset asetukset tuotehallinnassa;<\/li>\n\n<li>Ilkivalta, laiminly\u00f6nti;<\/li>\n\n<li><br\/>Emme anna tuotteillemme pintatakuuta, jos niit\u00e4 on k\u00e4ytetty rannikkoalueilla. Rannikkoalueet m\u00e4\u00e4ritell\u00e4\u00e4n yleens\u00e4 10 km:n et\u00e4isyydeksi rannikosta &#8211; erityistapauksissa se voi olla jopa 25 km:n et\u00e4isyys rannikosta tuuliolosuhteiden vuoksi.<\/li>\n\n<li>Riitt\u00e4m\u00e4t\u00f6n verkko, reitittimen vika tai sovelluksen haasteet;<\/li>\n\n<li>Rakennuksen s\u00e4hk\u00f6asennuksen, putkistoasennuksen, vesijohtojen koon, lattial\u00e4mmityksen, pattereiden koon jne. olosuhteista tai vioista johtuvat viat;<\/li>\n\n<li>Tuotteiden yhdist\u00e4minen tai asentaminen muihin l\u00e4mm\u00f6n tuottajiin, kuten aurinkol\u00e4mmitykseen, ulkoisiin s\u00e4\u00e4timiin, pumppuihin ja vastaaviin, joita ei ole tarkoitettu t\u00e4h\u00e4n tarkoitukseen;<\/li>\n\n<li>Myrsky, pakkanen, korroosio, salama, hy\u00f6kyaalto, maanj\u00e4ristys, tulva, raekuuro, maanvy\u00f6ry, tulva, r\u00e4j\u00e4hdys, tulipalo ja ylivoimainen este yleens\u00e4.<\/li>\n\n<li>Erityisesti robotti-imurit, joita ei ole s\u00e4\u00e4nn\u00f6llisesti puhdistettu hiuksista ja hiukkasista, jotka rajoittavat py\u00f6rien ja moottorin liikkumista.<\/li><\/ul><p>3.6 Seuraavia olosuhteita ei pidet\u00e4 valmistus- tai materiaalivirhein\u00e4, joten takuu ei kata niit\u00e4:<\/p><ul class=\"wp-block-list\"><li>Kylm\u00e4aineen puute tuotteissa, joissa on kylm\u00e4ainetta.<\/li>\n\n<li>Synnytyksen j\u00e4lkeen tapahtunut n\u00e4\u00f6n heikkeneminen.<\/li>\n\n<li>Osat, joita voidaan pit\u00e4\u00e4 tavanomaisina kulutusosina, mukaan lukien suodattimet, venttiilit, anturit, mukaan lukien mekaaniset anturit, l\u00e4mm\u00f6nvaihtimet, kiertovesipumput, ohjaimet, mukaan lukien mekaaniset releet, moottorit, mukaan lukien puhallinmoottorit, ja vastaavat osat.<\/li><\/ul><p><strong>4. Takuuehdot:<\/strong><\/p><p>4.1 KB on laatinut luovutusraporttilomakkeen ilma-vesil\u00e4mp\u00f6pumppujen toimittamista varten. T\u00e4m\u00e4 luovutusraportti on t\u00e4ytett\u00e4v\u00e4, kun asennus luovutetaan loppuasiakkaalle. Loppuasiakkaan on s\u00e4ilytett\u00e4v\u00e4 luovutusraportti ja mahdollisesti toimitettava siit\u00e4 kopio asentajalle.  <\/p><p>4.2 Tuotteet on asennettava valtuutetun ja sertifioidun kylm\u00e4asentajan toimesta, ja voimassa olevaa lains\u00e4\u00e4d\u00e4nt\u00f6\u00e4 on noudatettava.<br\/>Asiaa koskevaa periaatekaaviota on noudatettava, ks. kohta 3.4. Kaikkien asennukseen liittyvien s\u00e4hk\u00f6t\u00f6iden on oltava valtuutetun s\u00e4hk\u00f6asentajan tekemi\u00e4 ja kaikkien putkit\u00f6iden on oltava valtuutetun putkimiehen tekemi\u00e4. Sek\u00e4 ilma-ilma- ett\u00e4 ilma-vesil\u00e4mp\u00f6pumppujen ja muiden asennustuotteiden asennuksesta vaaditaan asennuslasku asiakirjoiksi.  <\/p><p>4.3 Tuotteita on huollettava KB:n hyv\u00e4ksym\u00e4n valtuutetun ja sertifioidun kylm\u00e4asentajan toimesta, ja niiden on oltava sovellettavan lains\u00e4\u00e4d\u00e4nn\u00f6n mukaisia. KB on laatinut huoltoraporttilomakkeen, jonka saa ottamalla yhteytt\u00e4 KB:hen ja joka on t\u00e4ytett\u00e4v\u00e4 ilma-vesil\u00e4mp\u00f6pumppujen huollon yhteydess\u00e4. T\u00e4m\u00e4n takuun osalta KB edellytt\u00e4\u00e4, ett\u00e4 kaikki ilma- ja vesil\u00e4mp\u00f6pumput huolletaan v\u00e4hint\u00e4\u00e4n kerran vuodessa t\u00e4ytt\u00f6m\u00e4\u00e4r\u00e4st\u00e4 riippumatta.  <\/p><p>4.4 Jos edell\u00e4 kohdissa 4.1-4.3 mainitut takuun ehdot eiv\u00e4t t\u00e4yty, takuu raukeaa, eik\u00e4 KB:lle voida esitt\u00e4\u00e4 mink\u00e4\u00e4nlaisia vaatimuksia t\u00e4ss\u00e4 yhteydess\u00e4.<\/p><p><strong>5. Takuun k\u00e4ytt\u00e4minen:<\/strong><\/p><p>5.1 Takuuvaateet on l\u00e4hetett\u00e4v\u00e4 https:\/\/klimabrands.dk\/rma\/ -sivuston kautta takuuaikana ja v\u00e4litt\u00f6m\u00e4sti vian havaitsemisen j\u00e4lkeen. Muita pyynt\u00f6j\u00e4 ei k\u00e4sitell\u00e4. <\/p><p>5.2 Kohdan 5.1 mukaiseen ilmoitukseen on liitett\u00e4v\u00e4 alkuper\u00e4inen myyntilasku ja ilma-vesil\u00e4mp\u00f6pumppujen osalta todiste t\u00e4ytetyst\u00e4 toimitusraportista kohdan 4.1 mukaisesti. Samoin kohdan 5.1 mukaiseen ilmoitukseen on liitett\u00e4v\u00e4 kopio(t) huoltoraportista, jos ilma-vesil\u00e4mp\u00f6pumppu on vanhempi kuin yksi vuosi, ks. kohta 4.3. <\/p><p>5.3 KB voi hyl\u00e4t\u00e4 valituksen, jos vika on kuvattu puutteellisesti tai jos mukana ei ole asiaankuuluvia asiakirjoja.<\/p><p><strong>6. Lainvalinta ja toimivalta:<\/strong><\/p><p>6.1 Takuuta koskevat samat lainvalintaa ja oikeuspaikkaa koskevat m\u00e4\u00e4r\u00e4ykset kuin mit\u00e4 sovelletaan myynti- ja toimitusehtoihin, ks. myynti- ja toimitusehtojen kohta 16.<\/p>","protected":false},"excerpt":{"rendered":"<p>Takuuehdot Seuraavat ehdot koskevat Klimabrands A\/S:n (&#8220;KB&#8221;) my\u00f6nt\u00e4m\u00e4\u00e4 takuuta (&#8220;Takuu&#8221;):<\/p>\n<div class=\"read-more-wrapper\"><a class=\"more-link read-more-link\" href=\"https:\/\/klimabrands.dk\/portasplit\/takuuehdot\/?lang=fi\">Read More<\/a><\/div>\n","protected":false},"author":1,"featured_media":0,"parent":0,"menu_order":0,"comment_status":"closed","ping_status":"closed","template":"","meta":{"_monsterinsights_skip_tracking":false,"_monsterinsights_sitenote_active":false,"_monsterinsights_sitenote_note":"","_monsterinsights_sitenote_category":0,"footnotes":""},"class_list":["post-5538","page","type-page","status-publish","hentry"],"aioseo_notices":[],"_links":{"self":[{"href":"https:\/\/klimabrands.dk\/portasplit\/wp-json\/wp\/v2\/pages\/5538","targetHints":{"allow":["GET"]}}],"collection":[{"href":"https:\/\/klimabrands.dk\/portasplit\/wp-json\/wp\/v2\/pages"}],"about":[{"href":"https:\/\/klimabrands.dk\/portasplit\/wp-json\/wp\/v2\/types\/page"}],"author":[{"embeddable":true,"href":"https:\/\/klimabrands.dk\/portasplit\/wp-json\/wp\/v2\/users\/1"}],"replies":[{"embeddable":true,"href":"https:\/\/klimabrands.dk\/portasplit\/wp-json\/wp\/v2\/comments?post=5538"}],"version-history":[{"count":1,"href":"https:\/\/klimabrands.dk\/portasplit\/wp-json\/wp\/v2\/pages\/5538\/revisions"}],"predecessor-version":[{"id":5539,"href":"https:\/\/klimabrands.dk\/portasplit\/wp-json\/wp\/v2\/pages\/5538\/revisions\/5539"}],"wp:attachment":[{"href":"https:\/\/klimabrands.dk\/portasplit\/wp-json\/wp\/v2\/media?parent=5538"}],"curies":[{"name":"wp","href":"https:\/\/api.w.org\/{rel}","templated":true}]}}